{"id":720,"date":"2016-11-17T22:52:34","date_gmt":"2016-11-17T21:52:34","guid":{"rendered":"http:\/\/nicoflip.fr\/?page_id=720"},"modified":"2024-04-20T10:23:21","modified_gmt":"2024-04-20T08:23:21","slug":"location-jeux-flippers-baby-foot-arcade-loire-atlantique-nantes","status":"publish","type":"page","link":"https:\/\/nicoflip.fr\/","title":{"rendered":"Location Jeux Flippers Baby Foot Arcade Loire Atlantique Nantes"},"content":{"rendered":"<div id=\"pl-720\"  class=\"panel-layout\" ><div id=\"pg-720-0\"  class=\"panel-grid panel-has-style\" ><div style=\"padding: 100px 0; \" data-overlay=\"true\" class=\"panel-row-style panel-row-style-for-720-0\" ><div id=\"pgc-720-0-0\"  class=\"panel-grid-cell\" ><div id=\"panel-720-0-0-0\" class=\"so-panel widget widget_sow-editor panel-first-child panel-last-child\" data-index=\"0\" ><div style=\"text-align: left;\" data-title-color=\"#443f3f\" data-headings-color=\"#443f3f\" class=\"panel-widget-style panel-widget-style-for-720-0-0-0\" ><div class=\"so-widget-sow-editor so-widget-sow-editor-base\">\n<div class=\"siteorigin-widget-tinymce textwidget\">\n\t<h1 style=\"text-align: center;\">Location de jeux<\/h1>\n<h2 style=\"text-align: center;\">Ev\u00e9nementiel \u2022 Organisation de tournois \u2022 D\u00e9pannage<\/h2>\n<h2 style=\"text-align: center;\">Flippers \u2022 Baby Foot \u2022 Bornes Arcade<\/h2>\n<h2 style=\"text-align: center;\"><\/h2>\n<h3>Bienvenue chez NicoFlip !<\/h3>\n<h5>Vous avez toujours r\u00eav\u00e9 d'avoir un flipper, un baby foot ou une borne d'arcade chez vous, sans vous occuper du transport ou de la maintenance ? Vous souhaitez\u00a0organiser un \u00e9v\u00e8nement atypique dont tout le monde se souviendra ?<\/h5>\n<h5>Voici la solution id\u00e9ale ! NicoFlip s'occupe de tout pour vous, particuliers ou\u00a0professionnels. Profitez de jeux parfaitement entretenus et r\u00e9vis\u00e9s, livr\u00e9s chez vous.<\/h5>\n<h5>Surprenez famille,\u00a0amis ou coll\u00e8gues !<\/h5>\n<h4>Notre secteur g\u00e9ographique : Loire Atlantique, Nantes M\u00e9tropole.<\/h4>\n<\/div>\n<\/div><\/div><\/div><\/div><\/div><\/div><div id=\"pg-720-1\"  class=\"panel-grid panel-has-style\" ><div style=\"padding: 20px 0; \" data-overlay=\"true\" class=\"panel-row-style panel-row-style-for-720-1\" ><div id=\"pgc-720-1-0\"  class=\"panel-grid-cell\" ><div id=\"panel-720-1-0-0\" class=\"so-panel widget widget_sow-features panel-first-child panel-last-child\" data-index=\"1\" ><div style=\"text-align: left;\" data-title-color=\"#cc7537\" data-headings-color=\"#cc7537\" class=\"panel-widget-style panel-widget-style-for-720-1-0-0\" ><div class=\"so-widget-sow-features so-widget-sow-features-default-24ed54dc3f8b\">\n<div class=\"sow-features-list sow-features-responsive\">\n\n\t\t\t\n\t\t\t<div class=\"sow-features-feature sow-icon-container-position-top sow-features-feature-last-row\" style=\"width: 12.5%\">\n\n\t\t\t\t<a href=\"https:\/\/nicoflip.fr\/index.php\/accueil-2\/\" >\t\t\t\t<div\n\t\t\t\t\tclass=\"sow-icon-container sow-container-round\"\n                    style=\"color: #ffffff; \"\n\t\t\t\t\t>\n\t\t\t\t\t<span class=\"sow-icon-typicons\" data-sow-icon=\"&#xe089;\"\n\t\tstyle=\"font-size: 20px; color: #cc7537\" ><\/span>\t\t\t\t<\/div>\n\t\t\t\t<\/a>\n\t\t\t\t<div class=\"textwidget\">\n\t\t\t\t\t\t\t\t\t\t\t<h5>\n\t\t\t\t\t\t\t<a href=\"https:\/\/nicoflip.fr\/index.php\/accueil-2\/\" >\t\t\t\t\t\t\tAccueil\t\t\t\t\t\t\t<\/a>\t\t\t\t\t\t<\/h5>\n\t\t\t\t\t\n\t\t\t\t\t\n\t\t\t\t\t\t\t\t\t<\/div>\n\t\t\t<\/div>\n\n\t\t\n\t\t\t<div class=\"sow-features-feature sow-icon-container-position-top sow-features-feature-last-row\" style=\"width: 12.5%\">\n\n\t\t\t\t<a href=\"https:\/\/nicoflip.fr\/index.php\/actualites-facebook\/\" >\t\t\t\t<div\n\t\t\t\t\tclass=\"sow-icon-container sow-container-round\"\n                    style=\"color: #ffffff; \"\n\t\t\t\t\t>\n\t\t\t\t\t<span class=\"sow-icon-typicons\" data-sow-icon=\"&#xe038;\"\n\t\tstyle=\"font-size: 20px; color: #cc7537\" ><\/span>\t\t\t\t<\/div>\n\t\t\t\t<\/a>\n\t\t\t\t<div class=\"textwidget\">\n\t\t\t\t\t\t\t\t\t\t\t<h5>\n\t\t\t\t\t\t\t<a href=\"https:\/\/nicoflip.fr\/index.php\/actualites-facebook\/\" >\t\t\t\t\t\t\tActualit\u00e9s\t\t\t\t\t\t\t<\/a>\t\t\t\t\t\t<\/h5>\n\t\t\t\t\t\n\t\t\t\t\t\n\t\t\t\t\t\t\t\t\t<\/div>\n\t\t\t<\/div>\n\n\t\t\n\t\t\t<div class=\"sow-features-feature sow-icon-container-position-top sow-features-feature-last-row\" style=\"width: 12.5%\">\n\n\t\t\t\t<a href=\"https:\/\/nicoflip.fr\/index.php\/jeux-disponibles-responsive\/\" >\t\t\t\t<div\n\t\t\t\t\tclass=\"sow-icon-container sow-container-round\"\n                    style=\"color: #ffffff; \"\n\t\t\t\t\t>\n\t\t\t\t\t<span class=\"sow-icon-typicons\" data-sow-icon=\"&#xe0e0;\"\n\t\tstyle=\"font-size: 20px; color: #cc7537\" ><\/span>\t\t\t\t<\/div>\n\t\t\t\t<\/a>\n\t\t\t\t<div class=\"textwidget\">\n\t\t\t\t\t\t\t\t\t\t\t<h5>\n\t\t\t\t\t\t\t<a href=\"https:\/\/nicoflip.fr\/index.php\/jeux-disponibles-responsive\/\" >\t\t\t\t\t\t\tJeux<br \/>Disponibles\t\t\t\t\t\t\t<\/a>\t\t\t\t\t\t<\/h5>\n\t\t\t\t\t\n\t\t\t\t\t\n\t\t\t\t\t\t\t\t\t<\/div>\n\t\t\t<\/div>\n\n\t\t\n\t\t\t<div class=\"sow-features-feature sow-icon-container-position-top sow-features-feature-last-row\" style=\"width: 12.5%\">\n\n\t\t\t\t<a href=\"https:\/\/nicoflip.fr\/index.php\/tarifs\/\" >\t\t\t\t<div\n\t\t\t\t\tclass=\"sow-icon-container sow-container-round\"\n                    style=\"color: #ffffff; \"\n\t\t\t\t\t>\n\t\t\t\t\t<span class=\"sow-icon-typicons\" data-sow-icon=\"&#xe110;\"\n\t\tstyle=\"font-size: 20px; color: #cc7537\" ><\/span>\t\t\t\t<\/div>\n\t\t\t\t<\/a>\n\t\t\t\t<div class=\"textwidget\">\n\t\t\t\t\t\t\t\t\t\t\t<h5>\n\t\t\t\t\t\t\t<a href=\"https:\/\/nicoflip.fr\/index.php\/tarifs\/\" >\t\t\t\t\t\t\tTarifs &amp;<br \/>Conditions\t\t\t\t\t\t\t<\/a>\t\t\t\t\t\t<\/h5>\n\t\t\t\t\t\n\t\t\t\t\t\n\t\t\t\t\t\t\t\t\t<\/div>\n\t\t\t<\/div>\n\n\t\t\n\t\t\t<div class=\"sow-features-feature sow-icon-container-position-top sow-features-feature-last-row\" style=\"width: 12.5%\">\n\n\t\t\t\t<a href=\"https:\/\/nicoflip.fr\/index.php\/goodies-bons-cadeaux\/\" >\t\t\t\t<div\n\t\t\t\t\tclass=\"sow-icon-container sow-container-round\"\n                    style=\"color: #ffffff; \"\n\t\t\t\t\t>\n\t\t\t\t\t<span class=\"sow-icon-typicons\" data-sow-icon=\"&#xe07f;\"\n\t\tstyle=\"font-size: 20px; color: #cc7537\" ><\/span>\t\t\t\t<\/div>\n\t\t\t\t<\/a>\n\t\t\t\t<div class=\"textwidget\">\n\t\t\t\t\t\t\t\t\t\t\t<h5>\n\t\t\t\t\t\t\t<a href=\"https:\/\/nicoflip.fr\/index.php\/goodies-bons-cadeaux\/\" >\t\t\t\t\t\t\tBons Cadeaux &amp;<br \/>Goodies\t\t\t\t\t\t\t<\/a>\t\t\t\t\t\t<\/h5>\n\t\t\t\t\t\n\t\t\t\t\t\n\t\t\t\t\t\t\t\t\t<\/div>\n\t\t\t<\/div>\n\n\t\t\n\t\t\t<div class=\"sow-features-feature sow-icon-container-position-top sow-features-feature-last-row\" style=\"width: 12.5%\">\n\n\t\t\t\t<a href=\"https:\/\/nicoflip.fr\/index.php\/contact\/\" >\t\t\t\t<div\n\t\t\t\t\tclass=\"sow-icon-container sow-container-round\"\n                    style=\"color: #ffffff; \"\n\t\t\t\t\t>\n\t\t\t\t\t<span class=\"sow-icon-typicons\" data-sow-icon=\"&#xe0a5;\"\n\t\tstyle=\"font-size: 20px; color: #cc7537\" ><\/span>\t\t\t\t<\/div>\n\t\t\t\t<\/a>\n\t\t\t\t<div class=\"textwidget\">\n\t\t\t\t\t\t\t\t\t\t\t<h5>\n\t\t\t\t\t\t\t<a href=\"https:\/\/nicoflip.fr\/index.php\/contact\/\" >\t\t\t\t\t\t\tContact\t\t\t\t\t\t\t<\/a>\t\t\t\t\t\t<\/h5>\n\t\t\t\t\t\n\t\t\t\t\t\n\t\t\t\t\t\t\t\t\t<\/div>\n\t\t\t<\/div>\n\n\t\t\n\t\t\t<div class=\"sow-features-feature sow-icon-container-position-top sow-features-feature-last-row\" style=\"width: 12.5%\">\n\n\t\t\t\t<a href=\"https:\/\/nicoflip.fr\/index.php\/partenaires\/\" >\t\t\t\t<div\n\t\t\t\t\tclass=\"sow-icon-container sow-container-round\"\n                    style=\"color: #ffffff; \"\n\t\t\t\t\t>\n\t\t\t\t\t<span class=\"sow-icon-typicons\" data-sow-icon=\"&#xe11c;\"\n\t\tstyle=\"font-size: 20px; color: #cc7537\" ><\/span>\t\t\t\t<\/div>\n\t\t\t\t<\/a>\n\t\t\t\t<div class=\"textwidget\">\n\t\t\t\t\t\t\t\t\t\t\t<h5>\n\t\t\t\t\t\t\t<a href=\"https:\/\/nicoflip.fr\/index.php\/partenaires\/\" >\t\t\t\t\t\t\tPartenaires\t\t\t\t\t\t\t<\/a>\t\t\t\t\t\t<\/h5>\n\t\t\t\t\t\n\t\t\t\t\t\n\t\t\t\t\t\t\t\t\t<\/div>\n\t\t\t<\/div>\n\n\t\t\t\n<\/div>\n<\/div><\/div><\/div><\/div><\/div><\/div><\/div>","protected":false},"excerpt":{"rendered":"<p>Location de jeux Ev\u00e9nementiel \u2022 Organisation de tournois \u2022 D\u00e9pannage Flippers \u2022 Baby Foot \u2022 Bornes Arcade Bienvenue chez NicoFlip ! Vous avez toujours r\u00eav\u00e9 d&rsquo;avoir un flipper, un baby foot ou une borne d&rsquo;arcade chez vous, sans vous occuper du transport ou de la maintenance ? Vous souhaitez\u00a0organiser un \u00e9v\u00e8nement atypique dont tout le [&hellip;]<\/p>\n","protected":false},"author":2,"featured_media":0,"parent":0,"menu_order":0,"comment_status":"closed","ping_status":"closed","template":"page-templates\/page_front-page.php","meta":[],"_links":{"self":[{"href":"https:\/\/nicoflip.fr\/index.php\/wp-json\/wp\/v2\/pages\/720"}],"collection":[{"href":"https:\/\/nicoflip.fr\/index.php\/wp-json\/wp\/v2\/pages"}],"about":[{"href":"https:\/\/nicoflip.fr\/index.php\/wp-json\/wp\/v2\/types\/page"}],"author":[{"embeddable":true,"href":"https:\/\/nicoflip.fr\/index.php\/wp-json\/wp\/v2\/users\/2"}],"replies":[{"embeddable":true,"href":"https:\/\/nicoflip.fr\/index.php\/wp-json\/wp\/v2\/comments?post=720"}],"version-history":[{"count":47,"href":"https:\/\/nicoflip.fr\/index.php\/wp-json\/wp\/v2\/pages\/720\/revisions"}],"predecessor-version":[{"id":4100,"href":"https:\/\/nicoflip.fr\/index.php\/wp-json\/wp\/v2\/pages\/720\/revisions\/4100"}],"wp:attachment":[{"href":"https:\/\/nicoflip.fr\/index.php\/wp-json\/wp\/v2\/media?parent=720"}],"curies":[{"name":"wp","href":"https:\/\/api.w.org\/{rel}","templated":true}]}}