{"id":1491,"date":"2017-07-18T18:27:32","date_gmt":"2017-07-18T16:27:32","guid":{"rendered":"http:\/\/nicoflip.fr\/?page_id=1491"},"modified":"2023-09-26T19:56:51","modified_gmt":"2023-09-26T17:56:51","slug":"partenaires","status":"publish","type":"page","link":"https:\/\/nicoflip.fr\/index.php\/partenaires\/","title":{"rendered":"Partenaires"},"content":{"rendered":"<div id=\"pl-1491\"  class=\"panel-layout\" ><div id=\"pg-1491-0\"  class=\"panel-grid panel-has-style\" ><div style=\"padding: 20px 0; \" data-overlay=\"true\" class=\"panel-row-style panel-row-style-for-1491-0\" ><div id=\"pgc-1491-0-0\"  class=\"panel-grid-cell\" ><div id=\"panel-1491-0-0-0\" class=\"so-panel widget widget_sow-features panel-first-child panel-last-child\" data-index=\"0\" ><div style=\"text-align: left;\" data-title-color=\"#cc7537\" data-headings-color=\"#cc7537\" class=\"panel-widget-style panel-widget-style-for-1491-0-0-0\" ><div class=\"so-widget-sow-features so-widget-sow-features-default-7f38bd22b87e\">\n<div class=\"sow-features-list sow-features-responsive\">\n\n\t\t\t\n\t\t\t<div class=\"sow-features-feature sow-icon-container-position-top sow-features-feature-last-row\" style=\"width: 14.286%\">\n\n\t\t\t\t<a href=\"https:\/\/nicoflip.fr\/index.php\/accueil-2\/\" >\t\t\t\t<div\n\t\t\t\t\tclass=\"sow-icon-container sow-container-round\"\n                    style=\"color: #ffffff; \"\n\t\t\t\t\t>\n\t\t\t\t\t<span class=\"sow-icon-typicons\" data-sow-icon=\"&#xe089;\"\n\t\tstyle=\"font-size: 20px; color: #cc7537\" ><\/span>\t\t\t\t<\/div>\n\t\t\t\t<\/a>\n\t\t\t\t<div class=\"textwidget\">\n\t\t\t\t\t\t\t\t\t\t\t<h5>\n\t\t\t\t\t\t\t<a href=\"https:\/\/nicoflip.fr\/index.php\/accueil-2\/\" >\t\t\t\t\t\t\tAccueil\t\t\t\t\t\t\t<\/a>\t\t\t\t\t\t<\/h5>\n\t\t\t\t\t\n\t\t\t\t\t\n\t\t\t\t\t\t\t\t\t<\/div>\n\t\t\t<\/div>\n\n\t\t\n\t\t\t<div class=\"sow-features-feature sow-icon-container-position-top sow-features-feature-last-row\" style=\"width: 14.286%\">\n\n\t\t\t\t<a href=\"https:\/\/nicoflip.fr\/index.php\/actualites-facebook\/\" >\t\t\t\t<div\n\t\t\t\t\tclass=\"sow-icon-container sow-container-round\"\n                    style=\"color: #ffffff; \"\n\t\t\t\t\t>\n\t\t\t\t\t<span class=\"sow-icon-typicons\" data-sow-icon=\"&#xe038;\"\n\t\tstyle=\"font-size: 20px; color: #cc7537\" ><\/span>\t\t\t\t<\/div>\n\t\t\t\t<\/a>\n\t\t\t\t<div class=\"textwidget\">\n\t\t\t\t\t\t\t\t\t\t\t<h5>\n\t\t\t\t\t\t\t<a href=\"https:\/\/nicoflip.fr\/index.php\/actualites-facebook\/\" >\t\t\t\t\t\t\tActualit\u00e9s\t\t\t\t\t\t\t<\/a>\t\t\t\t\t\t<\/h5>\n\t\t\t\t\t\n\t\t\t\t\t\n\t\t\t\t\t\t\t\t\t<\/div>\n\t\t\t<\/div>\n\n\t\t\n\t\t\t<div class=\"sow-features-feature sow-icon-container-position-top sow-features-feature-last-row\" style=\"width: 14.286%\">\n\n\t\t\t\t<a href=\"https:\/\/nicoflip.fr\/index.php\/jeux-disponibles-responsive\/\" >\t\t\t\t<div\n\t\t\t\t\tclass=\"sow-icon-container sow-container-round\"\n                    style=\"color: #ffffff; \"\n\t\t\t\t\t>\n\t\t\t\t\t<span class=\"sow-icon-typicons\" data-sow-icon=\"&#xe0e0;\"\n\t\tstyle=\"font-size: 20px; color: #cc7537\" ><\/span>\t\t\t\t<\/div>\n\t\t\t\t<\/a>\n\t\t\t\t<div class=\"textwidget\">\n\t\t\t\t\t\t\t\t\t\t\t<h5>\n\t\t\t\t\t\t\t<a href=\"https:\/\/nicoflip.fr\/index.php\/jeux-disponibles-responsive\/\" >\t\t\t\t\t\t\tJeux<br \/>Disponibles\t\t\t\t\t\t\t<\/a>\t\t\t\t\t\t<\/h5>\n\t\t\t\t\t\n\t\t\t\t\t\n\t\t\t\t\t\t\t\t\t<\/div>\n\t\t\t<\/div>\n\n\t\t\n\t\t\t<div class=\"sow-features-feature sow-icon-container-position-top sow-features-feature-last-row\" style=\"width: 14.286%\">\n\n\t\t\t\t<a href=\"https:\/\/nicoflip.fr\/index.php\/tarifs\/\" >\t\t\t\t<div\n\t\t\t\t\tclass=\"sow-icon-container sow-container-round\"\n                    style=\"color: #ffffff; \"\n\t\t\t\t\t>\n\t\t\t\t\t<span class=\"sow-icon-typicons\" data-sow-icon=\"&#xe110;\"\n\t\tstyle=\"font-size: 20px; color: #cc7537\" ><\/span>\t\t\t\t<\/div>\n\t\t\t\t<\/a>\n\t\t\t\t<div class=\"textwidget\">\n\t\t\t\t\t\t\t\t\t\t\t<h5>\n\t\t\t\t\t\t\t<a href=\"https:\/\/nicoflip.fr\/index.php\/tarifs\/\" >\t\t\t\t\t\t\tTarifs &amp;<br \/>Conditions\t\t\t\t\t\t\t<\/a>\t\t\t\t\t\t<\/h5>\n\t\t\t\t\t\n\t\t\t\t\t\n\t\t\t\t\t\t\t\t\t<\/div>\n\t\t\t<\/div>\n\n\t\t\n\t\t\t<div class=\"sow-features-feature sow-icon-container-position-top sow-features-feature-last-row\" style=\"width: 14.286%\">\n\n\t\t\t\t<a href=\"https:\/\/nicoflip.fr\/index.php\/goodies-bons-cadeaux\/\" >\t\t\t\t<div\n\t\t\t\t\tclass=\"sow-icon-container sow-container-round\"\n                    style=\"color: #ffffff; \"\n\t\t\t\t\t>\n\t\t\t\t\t<span class=\"sow-icon-typicons\" data-sow-icon=\"&#xe07f;\"\n\t\tstyle=\"font-size: 20px; color: #cc7537\" ><\/span>\t\t\t\t<\/div>\n\t\t\t\t<\/a>\n\t\t\t\t<div class=\"textwidget\">\n\t\t\t\t\t\t\t\t\t\t\t<h5>\n\t\t\t\t\t\t\t<a href=\"https:\/\/nicoflip.fr\/index.php\/goodies-bons-cadeaux\/\" >\t\t\t\t\t\t\tBons Cadeaux &amp;<br \/>Goodies\t\t\t\t\t\t\t<\/a>\t\t\t\t\t\t<\/h5>\n\t\t\t\t\t\n\t\t\t\t\t\n\t\t\t\t\t\t\t\t\t<\/div>\n\t\t\t<\/div>\n\n\t\t\n\t\t\t<div class=\"sow-features-feature sow-icon-container-position-top sow-features-feature-last-row\" style=\"width: 14.286%\">\n\n\t\t\t\t<a href=\"https:\/\/nicoflip.fr\/index.php\/contact\/\" >\t\t\t\t<div\n\t\t\t\t\tclass=\"sow-icon-container sow-container-round\"\n                    style=\"color: #ffffff; \"\n\t\t\t\t\t>\n\t\t\t\t\t<span class=\"sow-icon-typicons\" data-sow-icon=\"&#xe0a5;\"\n\t\tstyle=\"font-size: 20px; color: #cc7537\" ><\/span>\t\t\t\t<\/div>\n\t\t\t\t<\/a>\n\t\t\t\t<div class=\"textwidget\">\n\t\t\t\t\t\t\t\t\t\t\t<h5>\n\t\t\t\t\t\t\t<a href=\"https:\/\/nicoflip.fr\/index.php\/contact\/\" >\t\t\t\t\t\t\tContact\t\t\t\t\t\t\t<\/a>\t\t\t\t\t\t<\/h5>\n\t\t\t\t\t\n\t\t\t\t\t\n\t\t\t\t\t\t\t\t\t<\/div>\n\t\t\t<\/div>\n\n\t\t\n\t\t\t<div class=\"sow-features-feature sow-icon-container-position-top sow-features-feature-last-row\" style=\"width: 14.286%\">\n\n\t\t\t\t<a href=\"https:\/\/nicoflip.fr\/index.php\/partenaires\/\" >\t\t\t\t<div\n\t\t\t\t\tclass=\"sow-icon-container sow-container-round\"\n                    style=\"color: #ffffff; \"\n\t\t\t\t\t>\n\t\t\t\t\t<span class=\"sow-icon-typicons\" data-sow-icon=\"&#xe11c;\"\n\t\tstyle=\"font-size: 20px; color: #cc7537\" ><\/span>\t\t\t\t<\/div>\n\t\t\t\t<\/a>\n\t\t\t\t<div class=\"textwidget\">\n\t\t\t\t\t\t\t\t\t\t\t<h5>\n\t\t\t\t\t\t\t<a href=\"https:\/\/nicoflip.fr\/index.php\/partenaires\/\" >\t\t\t\t\t\t\tPartenaires\t\t\t\t\t\t\t<\/a>\t\t\t\t\t\t<\/h5>\n\t\t\t\t\t\n\t\t\t\t\t\n\t\t\t\t\t\t\t\t\t<\/div>\n\t\t\t<\/div>\n\n\t\t\t\n<\/div>\n<\/div><\/div><\/div><\/div><\/div><\/div><div id=\"pg-1491-1\"  class=\"panel-grid panel-has-style\" ><div style=\"padding: 100px 0; \" data-overlay=\"true\" class=\"panel-row-style panel-row-style-for-1491-1\" ><div id=\"pgc-1491-1-0\"  class=\"panel-grid-cell\" ><div id=\"panel-1491-1-0-0\" class=\"so-panel widget widget_sow-editor panel-first-child panel-last-child\" data-index=\"1\" ><div style=\"text-align: left;\" data-title-color=\"#443f3f\" data-headings-color=\"#443f3f\" class=\"panel-widget-style panel-widget-style-for-1491-1-0-0\" ><div class=\"so-widget-sow-editor so-widget-sow-editor-base\">\n<div class=\"siteorigin-widget-tinymce textwidget\">\n\t<h1 style=\"text-align: center;\"><span style=\"color: #5886bb;\"><strong>Nos Partenaires<\/strong><\/span><\/h1>\n<h3>\u00a0    <div id=\"post-grid-lazy-1513\" class=\"post-grid-lazy\"><img src=\"\"\/><\/div>\r\n    <script>\r\n        jQuery('#post-grid-lazy-1513').ready(function($){\r\n            jQuery('#post-grid-lazy-1513').fadeOut();\r\n            jQuery('#post-grid-1513').fadeIn();\r\n        })\r\n    <\/script>\r\n    <style type=\"text\/css\">\r\n        #post-grid-1513{display: none;}\r\n        .post-grid-lazy{\r\n            text-align: center;\r\n        }\r\n    <\/style>\r\n        <div data-options='{\"id\":\"1513\",\"lazy_load\":\"no\",\"masonry_enable\":\"no\",\"view_type\":\"grid\"}' id=\"post-grid-1513\" class=\"post-grid grid\">\r\n                <div class=\"grid-items\">\r\n            \r\n    <div class=\"item item-1514 skin flat even 0 \">\r\n                <div class=\"layer-wrapper layout-\">\r\n                <div class=\"layer-media\"><a href=\"https:\/\/nicoflip.fr\/index.php\/2017\/07\/18\/alex-party-kids\/\"><img alt=\"\" src=\"https:\/\/nicoflip.fr\/wp-content\/uploads\/2017\/07\/Alex2.png\" \/><\/a><\/div>\r\n        <div class=\"layer-content\">\r\n            <div class=\"element element_0  title \">\r\n                    <a target=\"\" href=\"https:\/\/nicoflip.fr\/index.php\/2017\/07\/18\/alex-party-kids\/\">Alex Party Kids<\/a>\r\n        \r\n\r\n    <\/div>\r\n        <div class=\"element element_1  excerpt \">\r\n        Nous avons rencontr\u00e9 Alex au Naoned Market et nous avons \u00e9t\u00e9 s\u00e9duits ! Un vrai professionnel, son enthousiasme est communicatif            <\/div>\r\n                <a class=\"element element_2  read_more \" target=\"_blank\" href=\"https:\/\/nicoflip.fr\/index.php\/2017\/07\/18\/alex-party-kids\/\">Lire la Suite ...<\/a>\r\n    \r\n        <\/div>\r\n            <\/div>\r\n    <\/div>\r\n    \r\n    <div class=\"item item-1533 skin flat odd 1 \">\r\n                <div class=\"layer-wrapper layout-\">\r\n                <div class=\"layer-media\"><a href=\"https:\/\/nicoflip.fr\/index.php\/2017\/07\/18\/flipper-led\/\"><img alt=\"\" src=\"https:\/\/nicoflip.fr\/wp-content\/uploads\/2017\/07\/Flipper-Led.jpg\" \/><\/a><\/div>\r\n        <div class=\"layer-content\">\r\n            <div class=\"element element_0  title \">\r\n                    <a target=\"\" href=\"https:\/\/nicoflip.fr\/index.php\/2017\/07\/18\/flipper-led\/\">Flipper Led<\/a>\r\n        \r\n\r\n    <\/div>\r\n        <div class=\"element element_1  excerpt \">\r\n        Qu'il s'agisse de Leds ou de location de jeux en Charentes Maritimes, Yann est l'homme de la situation ! Pour            <\/div>\r\n                <a class=\"element element_2  read_more \" target=\"_blank\" href=\"https:\/\/nicoflip.fr\/index.php\/2017\/07\/18\/flipper-led\/\">Lire la Suite ...<\/a>\r\n    \r\n        <\/div>\r\n            <\/div>\r\n    <\/div>\r\n    \r\n    <div class=\"item item-1542 skin flat even 2 \">\r\n                <div class=\"layer-wrapper layout-\">\r\n                <div class=\"layer-media\"><a href=\"https:\/\/nicoflip.fr\/index.php\/2017\/07\/18\/funflip\/\"><img alt=\"\" src=\"https:\/\/nicoflip.fr\/wp-content\/uploads\/2017\/07\/funflip-830x239.jpg\" \/><\/a><\/div>\r\n        <div class=\"layer-content\">\r\n            <div class=\"element element_0  title \">\r\n                    <a target=\"\" href=\"https:\/\/nicoflip.fr\/index.php\/2017\/07\/18\/funflip\/\">Funflip<\/a>\r\n        \r\n\r\n    <\/div>\r\n        <div class=\"element element_1  excerpt \">\r\n        Il a \u00e9t\u00e9 l'un des premiers \u00e0 se lancer dans la location de flippers ! Un vrai passionn\u00e9 ! A            <\/div>\r\n                <a class=\"element element_2  read_more \" target=\"_blank\" href=\"https:\/\/nicoflip.fr\/index.php\/2017\/07\/18\/funflip\/\">Lire la Suite ...<\/a>\r\n    \r\n        <\/div>\r\n            <\/div>\r\n    <\/div>\r\n    \r\n    <div class=\"item item-1555 skin flat odd 3 \">\r\n                <div class=\"layer-wrapper layout-\">\r\n                <div class=\"layer-media\"><a href=\"https:\/\/nicoflip.fr\/index.php\/2017\/07\/18\/bar-le-kryptonic\/\"><img alt=\"\" src=\"https:\/\/nicoflip.fr\/wp-content\/uploads\/2017\/07\/Le-Kryptonic-830x623.jpg\" \/><\/a><\/div>\r\n        <div class=\"layer-content\">\r\n            <div class=\"element element_0  title \">\r\n                    <a target=\"\" href=\"https:\/\/nicoflip.fr\/index.php\/2017\/07\/18\/bar-le-kryptonic\/\">Bar Le Kryptonic<\/a>\r\n        \r\n\r\n    <\/div>\r\n        <div class=\"element element_1  excerpt \">\r\n        C'est l'endroit pour jouer au flipper \u00e0 Nantes ... 3 flippers en permanence et d'excellents breuvages pour refaire le monde            <\/div>\r\n                <a class=\"element element_2  read_more \" target=\"_blank\" href=\"https:\/\/nicoflip.fr\/index.php\/2017\/07\/18\/bar-le-kryptonic\/\">Lire la Suite ...<\/a>\r\n    \r\n        <\/div>\r\n            <\/div>\r\n    <\/div>\r\n    \r\n    <div class=\"item item-1566 skin flat even 4 \">\r\n                <div class=\"layer-wrapper layout-\">\r\n                <div class=\"layer-media\"><a href=\"https:\/\/nicoflip.fr\/index.php\/2017\/07\/18\/a-laide-flipper\/\"><img alt=\"\" src=\"https:\/\/nicoflip.fr\/wp-content\/uploads\/2017\/07\/A-laideFlipper.png\" \/><\/a><\/div>\r\n        <div class=\"layer-content\">\r\n            <div class=\"element element_0  title \">\r\n                    <a target=\"\" href=\"https:\/\/nicoflip.fr\/index.php\/2017\/07\/18\/a-laide-flipper\/\">A l&#039;aide Flipper<\/a>\r\n        \r\n\r\n    <\/div>\r\n        <div class=\"element element_1  excerpt \">\r\n        Votre flipper est en panne ou a besoin d'une restauration esth\u00e9tique ? Vincent est l'homme \u00e0 appeler ! Vous ne            <\/div>\r\n                <a class=\"element element_2  read_more \" target=\"_blank\" href=\"https:\/\/nicoflip.fr\/index.php\/2017\/07\/18\/a-laide-flipper\/\">Lire la Suite ...<\/a>\r\n    \r\n        <\/div>\r\n            <\/div>\r\n    <\/div>\r\n    \r\n    <div class=\"item item-1654 skin flat odd 5 \">\r\n                <div class=\"layer-wrapper layout-\">\r\n                <div class=\"layer-media\"><a href=\"https:\/\/nicoflip.fr\/index.php\/2017\/07\/31\/association-retroplay\/\"><img alt=\"\" src=\"https:\/\/nicoflip.fr\/wp-content\/uploads\/2017\/09\/Affiche-Finale-830x1103.png\" \/><\/a><\/div>\r\n        <div class=\"layer-content\">\r\n            <div class=\"element element_0  title \">\r\n                    <a target=\"\" href=\"https:\/\/nicoflip.fr\/index.php\/2017\/07\/31\/association-retroplay\/\">Association Retroplay<\/a>\r\n        \r\n\r\n    <\/div>\r\n        <div class=\"element element_1  excerpt \">\r\n        Le RETROPLAY est avant tout une association loi 1901 dont l'objectif principal est de prot\u00e9ger le patrimoine des jeux de            <\/div>\r\n                <a class=\"element element_2  read_more \" target=\"_blank\" href=\"https:\/\/nicoflip.fr\/index.php\/2017\/07\/31\/association-retroplay\/\">Lire la Suite ...<\/a>\r\n    \r\n        <\/div>\r\n            <\/div>\r\n    <\/div>\r\n    \r\n    <div class=\"item item-1663 skin flat even 6 \">\r\n                <div class=\"layer-wrapper layout-\">\r\n                <div class=\"layer-media\"><a href=\"https:\/\/nicoflip.fr\/index.php\/2017\/07\/31\/association-silverball\/\"><img alt=\"\" src=\"https:\/\/nicoflip.fr\/wp-content\/uploads\/2017\/07\/Silverball-1.png\" \/><\/a><\/div>\r\n        <div class=\"layer-content\">\r\n            <div class=\"element element_0  title \">\r\n                    <a target=\"\" href=\"https:\/\/nicoflip.fr\/index.php\/2017\/07\/31\/association-silverball\/\">Association Silverball<\/a>\r\n        \r\n\r\n    <\/div>\r\n        <div class=\"element element_1  excerpt \">\r\n        L'association Silverball organise chaque ann\u00e9e depuis 2007 le salon Flip Expo, qui a maintenant lieu au Tr\u00e9port (Seine Maritime). Un            <\/div>\r\n                <a class=\"element element_2  read_more \" target=\"_blank\" href=\"https:\/\/nicoflip.fr\/index.php\/2017\/07\/31\/association-silverball\/\">Lire la Suite ...<\/a>\r\n    \r\n        <\/div>\r\n            <\/div>\r\n    <\/div>\r\n            <\/div>\r\n            <div class=\"pagination\">\r\n            <div class=\"paginate\">\r\n            <\/div>\r\n    <style type=\"text\/css\">\r\n        #post-grid-1513 .pagination .page-numbers{\r\n            font-size:16px;\r\n            color:#fff;\r\n            background:#646464;\r\n        }\r\n        #post-grid-1513 .pagination .page-numbers:hover,\r\n        #post-grid-1513 .pagination .page-numbers.current{\r\n            background:#4b4b4b;\r\n        }\r\n    <\/style>\r\n        <\/div>\r\n        <style type=\"text\/css\">\r\n                        #post-grid-1513 .element_0{display: block;font-size: 21px;line-height: normal;padding: 5px 10px;text-align: left;}\r\n                                #post-grid-1513 .element_1{display: block;font-size: 12px;padding: 5px 10px;text-align: left;}\r\n                                #post-grid-1513 .element_2{font-size:12px;display:block;padding:10px;float: left;}\r\n                #post-grid-1513 .element_0:hover{}#post-grid-1513 .element_1:hover{}#post-grid-1513 .element_2:hover{}    <\/style>\r\n        <style type=\"text\/css\">\r\n        #post-grid-1513 {\r\n                    padding:10px;\r\n                            background-color: #fff;\r\n                                }\r\n        #post-grid-1513 .grid-items{\r\n                    text-align: center;\r\n                }\r\n        #post-grid-1513 .item{\r\n                    margin:10px;\r\n                            padding:0px;\r\n                            background:#fff;\r\n                }\r\n        #post-grid-1513  .item .layer-media{\r\n            height:120px;        }\r\n        @media only screen and ( min-width: 0px ) and ( max-width: 767px ) {\r\n            #post-grid-1513 .item{\r\n                            width:90%;\r\n                        height:auto;            }\r\n        }\r\n        @media only screen and ( min-width: 768px ) and ( max-width: 1023px ) {\r\n            #post-grid-1513 .item{\r\n                            width:280px;\r\n                        max-height:auto;            }\r\n        }\r\n        @media only screen and (min-width: 1024px ){\r\n            #post-grid-1513 .item{\r\n                            width:280px;\r\n                        height:auto;            }\r\n        }\r\n\r\n        \r\n\r\n    <\/style>\r\n    \r\n                    <style type=\"text\/css\">\r\n            \/*Write your CSS code here*\/        <\/style>\r\n    \r\n        <script>\r\n                    \/*Write your js code here*\/            <\/script>\r\n        <\/div>\r\n    <\/h3>\n<h4 style=\"text-align: left;\">\u00a0<\/h4>\n<\/div>\n<\/div><\/div><\/div><\/div><\/div><\/div><div id=\"pg-1491-2\"  class=\"panel-grid panel-has-style\" ><div class=\"siteorigin-panels-stretch panel-row-style panel-row-style-for-1491-2\" style=\"padding: 0px 0; \" data-stretch-type=\"full\" data-overlay=\"true\" ><div id=\"pgc-1491-2-0\"  class=\"panel-grid-cell\" ><div id=\"panel-1491-2-0-0\" class=\"so-panel widget widget_sow-editor panel-first-child panel-last-child\" data-index=\"2\" ><div class=\"panel-widget-style panel-widget-style-for-1491-2-0-0\" ><div class=\"so-widget-sow-editor so-widget-sow-editor-base\">\n<div class=\"siteorigin-widget-tinymce textwidget\">\n\t<h1 style=\"text-align: center;\"><span style=\"color: #ffffff;\">Retrouvez nous sur les r\u00e9seaux sociaux !<\/span><\/h1>\n<\/div>\n<\/div><\/div><\/div><\/div><\/div><\/div><div id=\"pg-1491-3\"  class=\"panel-grid panel-has-style\" ><div class=\"siteorigin-panels-stretch panel-row-style panel-row-style-for-1491-3\" style=\"padding: 0px 0; \" data-stretch-type=\"full\" data-overlay=\"true\" ><div id=\"pgc-1491-3-0\"  class=\"panel-grid-cell\" ><div id=\"panel-1491-3-0-0\" class=\"so-panel widget widget_sow-social-media-buttons panel-first-child panel-last-child\" data-index=\"3\" ><div class=\"so-widget-sow-social-media-buttons so-widget-sow-social-media-buttons-wire-3308ee4d3be1\">\n\n<div class=\"social-media-button-container\">\n\t\n\t\t<a class=\"ow-button-hover sow-social-media-button-facebook-0 sow-social-media-button\" title=\" sur Facebook\" aria-label=\" sur Facebook\" target=\"_blank\" rel=\"noopener noreferrer\" href=\"https:\/\/www.facebook.com\/NicoFlip44\/\" >\n\t\t\t<span>\n\t\t\t\t\t\t\t\t<span class=\"sow-icon-fontawesome sow-fab\" data-sow-icon=\"&#xf39e;\"\n\t\t ><\/span>\t\t\t\t\t\t\t<\/span>\n\t\t<\/a>\n\t\n\t\t<a class=\"ow-button-hover sow-social-media-button-twitter-0 sow-social-media-button\" title=\" sur Twitter\" aria-label=\" sur Twitter\" target=\"_blank\" rel=\"noopener noreferrer\" href=\"https:\/\/twitter.com\/nicoflip44\" >\n\t\t\t<span>\n\t\t\t\t\t\t\t\t<span class=\"sow-icon-fontawesome sow-fab\" data-sow-icon=\"&#xf099;\"\n\t\t ><\/span>\t\t\t\t\t\t\t<\/span>\n\t\t<\/a>\n\t<\/div>\n<\/div><\/div><\/div><\/div><\/div><\/div>","protected":false},"excerpt":{"rendered":"<p>L&rsquo;association Silverball organise chaque ann\u00e9e depuis 2007 le salon Flip Expo, qui a maintenant lieu au Tr\u00e9port (Seine Maritime).Un salon incontournable pour tous les passionn\u00e9s de flippers !\u00a0\u00a0N&rsquo;h\u00e9sitez pas \u00e0 visiter leur\u00a0site\u00a0ici\u00a0<\/p>\n","protected":false},"author":2,"featured_media":0,"parent":0,"menu_order":0,"comment_status":"closed","ping_status":"closed","template":"page-templates\/page_front-page.php","meta":[],"_links":{"self":[{"href":"https:\/\/nicoflip.fr\/index.php\/wp-json\/wp\/v2\/pages\/1491"}],"collection":[{"href":"https:\/\/nicoflip.fr\/index.php\/wp-json\/wp\/v2\/pages"}],"about":[{"href":"https:\/\/nicoflip.fr\/index.php\/wp-json\/wp\/v2\/types\/page"}],"author":[{"embeddable":true,"href":"https:\/\/nicoflip.fr\/index.php\/wp-json\/wp\/v2\/users\/2"}],"replies":[{"embeddable":true,"href":"https:\/\/nicoflip.fr\/index.php\/wp-json\/wp\/v2\/comments?post=1491"}],"version-history":[{"count":20,"href":"https:\/\/nicoflip.fr\/index.php\/wp-json\/wp\/v2\/pages\/1491\/revisions"}],"predecessor-version":[{"id":3971,"href":"https:\/\/nicoflip.fr\/index.php\/wp-json\/wp\/v2\/pages\/1491\/revisions\/3971"}],"wp:attachment":[{"href":"https:\/\/nicoflip.fr\/index.php\/wp-json\/wp\/v2\/media?parent=1491"}],"curies":[{"name":"wp","href":"https:\/\/api.w.org\/{rel}","templated":true}]}}