{"id":1269,"date":"2017-04-21T15:00:34","date_gmt":"2017-04-21T13:00:34","guid":{"rendered":"http:\/\/nicoflip.fr\/?page_id=1269"},"modified":"2023-09-26T19:52:36","modified_gmt":"2023-09-26T17:52:36","slug":"goodies-bons-cadeaux","status":"publish","type":"page","link":"https:\/\/nicoflip.fr\/index.php\/goodies-bons-cadeaux\/","title":{"rendered":"Goodies et Bons cadeaux"},"content":{"rendered":"<div id=\"pl-1269\"  class=\"panel-layout\" ><div id=\"pg-1269-0\"  class=\"panel-grid panel-has-style\" ><div style=\"padding: 20px 0; \" data-overlay=\"true\" class=\"panel-row-style panel-row-style-for-1269-0\" ><div id=\"pgc-1269-0-0\"  class=\"panel-grid-cell\" ><div id=\"panel-1269-0-0-0\" class=\"so-panel widget widget_sow-features panel-first-child panel-last-child\" data-index=\"0\" ><div style=\"text-align: left;\" data-title-color=\"#cc7537\" data-headings-color=\"#cc7537\" class=\"panel-widget-style panel-widget-style-for-1269-0-0-0\" ><div class=\"so-widget-sow-features so-widget-sow-features-default-24ed54dc3f8b\">\n<div class=\"sow-features-list sow-features-responsive\">\n\n\t\t\t\n\t\t\t<div class=\"sow-features-feature sow-icon-container-position-top sow-features-feature-last-row\" style=\"width: 12.5%\">\n\n\t\t\t\t<a href=\"https:\/\/nicoflip.fr\/index.php\/accueil-2\/\" >\t\t\t\t<div\n\t\t\t\t\tclass=\"sow-icon-container sow-container-round\"\n                    style=\"color: #ffffff; \"\n\t\t\t\t\t>\n\t\t\t\t\t<span class=\"sow-icon-typicons\" data-sow-icon=\"&#xe089;\"\n\t\tstyle=\"font-size: 20px; color: #cc7537\" ><\/span>\t\t\t\t<\/div>\n\t\t\t\t<\/a>\n\t\t\t\t<div class=\"textwidget\">\n\t\t\t\t\t\t\t\t\t\t\t<h5>\n\t\t\t\t\t\t\t<a href=\"https:\/\/nicoflip.fr\/index.php\/accueil-2\/\" >\t\t\t\t\t\t\tAccueil\t\t\t\t\t\t\t<\/a>\t\t\t\t\t\t<\/h5>\n\t\t\t\t\t\n\t\t\t\t\t\n\t\t\t\t\t\t\t\t\t<\/div>\n\t\t\t<\/div>\n\n\t\t\n\t\t\t<div class=\"sow-features-feature sow-icon-container-position-top sow-features-feature-last-row\" style=\"width: 12.5%\">\n\n\t\t\t\t<a href=\"https:\/\/nicoflip.fr\/index.php\/actualites-facebook\/\" >\t\t\t\t<div\n\t\t\t\t\tclass=\"sow-icon-container sow-container-round\"\n                    style=\"color: #ffffff; \"\n\t\t\t\t\t>\n\t\t\t\t\t<span class=\"sow-icon-typicons\" data-sow-icon=\"&#xe038;\"\n\t\tstyle=\"font-size: 20px; color: #cc7537\" ><\/span>\t\t\t\t<\/div>\n\t\t\t\t<\/a>\n\t\t\t\t<div class=\"textwidget\">\n\t\t\t\t\t\t\t\t\t\t\t<h5>\n\t\t\t\t\t\t\t<a href=\"https:\/\/nicoflip.fr\/index.php\/actualites-facebook\/\" >\t\t\t\t\t\t\tActualit\u00e9s\t\t\t\t\t\t\t<\/a>\t\t\t\t\t\t<\/h5>\n\t\t\t\t\t\n\t\t\t\t\t\n\t\t\t\t\t\t\t\t\t<\/div>\n\t\t\t<\/div>\n\n\t\t\n\t\t\t<div class=\"sow-features-feature sow-icon-container-position-top sow-features-feature-last-row\" style=\"width: 12.5%\">\n\n\t\t\t\t<a href=\"https:\/\/nicoflip.fr\/index.php\/jeux-disponibles-responsive\/\" >\t\t\t\t<div\n\t\t\t\t\tclass=\"sow-icon-container sow-container-round\"\n                    style=\"color: #ffffff; \"\n\t\t\t\t\t>\n\t\t\t\t\t<span class=\"sow-icon-typicons\" data-sow-icon=\"&#xe0e0;\"\n\t\tstyle=\"font-size: 20px; color: #cc7537\" ><\/span>\t\t\t\t<\/div>\n\t\t\t\t<\/a>\n\t\t\t\t<div class=\"textwidget\">\n\t\t\t\t\t\t\t\t\t\t\t<h5>\n\t\t\t\t\t\t\t<a href=\"https:\/\/nicoflip.fr\/index.php\/jeux-disponibles-responsive\/\" >\t\t\t\t\t\t\tJeux<br \/>Disponibles\t\t\t\t\t\t\t<\/a>\t\t\t\t\t\t<\/h5>\n\t\t\t\t\t\n\t\t\t\t\t\n\t\t\t\t\t\t\t\t\t<\/div>\n\t\t\t<\/div>\n\n\t\t\n\t\t\t<div class=\"sow-features-feature sow-icon-container-position-top sow-features-feature-last-row\" style=\"width: 12.5%\">\n\n\t\t\t\t<a href=\"https:\/\/nicoflip.fr\/index.php\/tarifs\/\" >\t\t\t\t<div\n\t\t\t\t\tclass=\"sow-icon-container sow-container-round\"\n                    style=\"color: #ffffff; \"\n\t\t\t\t\t>\n\t\t\t\t\t<span class=\"sow-icon-typicons\" data-sow-icon=\"&#xe110;\"\n\t\tstyle=\"font-size: 20px; color: #cc7537\" ><\/span>\t\t\t\t<\/div>\n\t\t\t\t<\/a>\n\t\t\t\t<div class=\"textwidget\">\n\t\t\t\t\t\t\t\t\t\t\t<h5>\n\t\t\t\t\t\t\t<a href=\"https:\/\/nicoflip.fr\/index.php\/tarifs\/\" >\t\t\t\t\t\t\tTarifs &amp;<br \/>Conditions\t\t\t\t\t\t\t<\/a>\t\t\t\t\t\t<\/h5>\n\t\t\t\t\t\n\t\t\t\t\t\n\t\t\t\t\t\t\t\t\t<\/div>\n\t\t\t<\/div>\n\n\t\t\n\t\t\t<div class=\"sow-features-feature sow-icon-container-position-top sow-features-feature-last-row\" style=\"width: 12.5%\">\n\n\t\t\t\t<a href=\"https:\/\/nicoflip.fr\/index.php\/goodies-bons-cadeaux\/\" >\t\t\t\t<div\n\t\t\t\t\tclass=\"sow-icon-container sow-container-round\"\n                    style=\"color: #ffffff; \"\n\t\t\t\t\t>\n\t\t\t\t\t<span class=\"sow-icon-typicons\" data-sow-icon=\"&#xe07f;\"\n\t\tstyle=\"font-size: 20px; color: #cc7537\" ><\/span>\t\t\t\t<\/div>\n\t\t\t\t<\/a>\n\t\t\t\t<div class=\"textwidget\">\n\t\t\t\t\t\t\t\t\t\t\t<h5>\n\t\t\t\t\t\t\t<a href=\"https:\/\/nicoflip.fr\/index.php\/goodies-bons-cadeaux\/\" >\t\t\t\t\t\t\tBons Cadeaux &amp;<br \/>Goodies\t\t\t\t\t\t\t<\/a>\t\t\t\t\t\t<\/h5>\n\t\t\t\t\t\n\t\t\t\t\t\n\t\t\t\t\t\t\t\t\t<\/div>\n\t\t\t<\/div>\n\n\t\t\n\t\t\t<div class=\"sow-features-feature sow-icon-container-position-top sow-features-feature-last-row\" style=\"width: 12.5%\">\n\n\t\t\t\t<a href=\"https:\/\/nicoflip.fr\/index.php\/contact\/\" >\t\t\t\t<div\n\t\t\t\t\tclass=\"sow-icon-container sow-container-round\"\n                    style=\"color: #ffffff; \"\n\t\t\t\t\t>\n\t\t\t\t\t<span class=\"sow-icon-typicons\" data-sow-icon=\"&#xe0a5;\"\n\t\tstyle=\"font-size: 20px; color: #cc7537\" ><\/span>\t\t\t\t<\/div>\n\t\t\t\t<\/a>\n\t\t\t\t<div class=\"textwidget\">\n\t\t\t\t\t\t\t\t\t\t\t<h5>\n\t\t\t\t\t\t\t<a href=\"https:\/\/nicoflip.fr\/index.php\/contact\/\" >\t\t\t\t\t\t\tContact\t\t\t\t\t\t\t<\/a>\t\t\t\t\t\t<\/h5>\n\t\t\t\t\t\n\t\t\t\t\t\n\t\t\t\t\t\t\t\t\t<\/div>\n\t\t\t<\/div>\n\n\t\t\n\t\t\t<div class=\"sow-features-feature sow-icon-container-position-top sow-features-feature-last-row\" style=\"width: 12.5%\">\n\n\t\t\t\t<a href=\"https:\/\/nicoflip.fr\/index.php\/partenaires\/\" >\t\t\t\t<div\n\t\t\t\t\tclass=\"sow-icon-container sow-container-round\"\n                    style=\"color: #ffffff; \"\n\t\t\t\t\t>\n\t\t\t\t\t<span class=\"sow-icon-typicons\" data-sow-icon=\"&#xe11c;\"\n\t\tstyle=\"font-size: 20px; color: #cc7537\" ><\/span>\t\t\t\t<\/div>\n\t\t\t\t<\/a>\n\t\t\t\t<div class=\"textwidget\">\n\t\t\t\t\t\t\t\t\t\t\t<h5>\n\t\t\t\t\t\t\t<a href=\"https:\/\/nicoflip.fr\/index.php\/partenaires\/\" >\t\t\t\t\t\t\tPartenaires\t\t\t\t\t\t\t<\/a>\t\t\t\t\t\t<\/h5>\n\t\t\t\t\t\n\t\t\t\t\t\n\t\t\t\t\t\t\t\t\t<\/div>\n\t\t\t<\/div>\n\n\t\t\t\n<\/div>\n<\/div><\/div><\/div><\/div><\/div><\/div><div id=\"pg-1269-1\"  class=\"panel-grid panel-has-style\" ><div style=\"padding: 100px 0; \" data-overlay=\"true\" class=\"panel-row-style panel-row-style-for-1269-1\" ><div id=\"pgc-1269-1-0\"  class=\"panel-grid-cell\" ><div id=\"panel-1269-1-0-0\" class=\"so-panel widget widget_sow-editor panel-first-child panel-last-child\" data-index=\"1\" ><div style=\"text-align: left;\" data-title-color=\"#443f3f\" data-headings-color=\"#443f3f\" class=\"panel-widget-style panel-widget-style-for-1269-1-0-0\" ><div class=\"so-widget-sow-editor so-widget-sow-editor-base\">\n<div class=\"siteorigin-widget-tinymce textwidget\">\n\t<h1 style=\"text-align: center;\"><span style=\"color: #5886bb;\"><strong>Goodies &amp; Bons cadeaux<\/strong><\/span><\/h1>\n<h3>Vous avez \u00e9t\u00e9 nombreux \u00e0 nous les r\u00e9clamer, les voil\u00e0 !<\/h3>\n<h3>\u00a0<\/h3>\n<div class=\"rgg-container\" data-rgg-id=\"1\">    <div class=\"rgg-imagegrid captions-title captions-effect-none \" data-rgg-id=\"1\">\n                                        <a\n                                href=\"https:\/\/nicoflip.fr\/wp-content\/uploads\/2017\/04\/preview-1.jpeg\"\n                                data-rel=\"rgg\"\n                                rel=\"rgg\"\n                                title=\"10 &euro; le mug NicoFlip pour des petits d&eacute;jeuners plus fun !\"                                class=\"rgg-disabled size-medium rgg-img\"\n                                data-src=\"https:\/\/nicoflip.fr\/wp-content\/uploads\/2017\/04\/preview-1-300x279.jpeg\"\n                                data-ratio=\"1.0752688172043\"\n                                data-height=\"279\"\n                                data-width=\"300\"\n                                aria-label=\"\"\n                        >\n                                                        <\/a>\n                                                <a\n                                href=\"https:\/\/nicoflip.fr\/wp-content\/uploads\/2017\/04\/preview.jpeg\"\n                                data-rel=\"rgg\"\n                                rel=\"rgg\"\n                                title=\"15&euro; le Tee Shirt. Tailles disponibles : S, M, L, XL, XXL\"                                class=\"rgg-disabled size-medium rgg-img\"\n                                data-src=\"https:\/\/nicoflip.fr\/wp-content\/uploads\/2017\/04\/preview-300x300.jpeg\"\n                                data-ratio=\"1\"\n                                data-height=\"300\"\n                                data-width=\"300\"\n                                aria-label=\"\"\n                        >\n                                                        <\/a>\n                                                <a\n                                href=\"https:\/\/nicoflip.fr\/wp-content\/uploads\/2017\/04\/preview-2.jpeg\"\n                                data-rel=\"rgg\"\n                                rel=\"rgg\"\n                                title=\"20&euro; la casquette NicoFlip pour se prot&eacute;ger des coups de soleil en jouant au Baby !\"                                class=\"rgg-disabled size-medium rgg-img\"\n                                data-src=\"https:\/\/nicoflip.fr\/wp-content\/uploads\/2017\/04\/preview-2-300x300.jpeg\"\n                                data-ratio=\"1\"\n                                data-height=\"300\"\n                                data-width=\"300\"\n                                aria-label=\"\"\n                        >\n                                                        <\/a>\n                                                <a\n                                href=\"https:\/\/nicoflip.fr\/wp-content\/uploads\/2017\/04\/Bon-Cadeau.png\"\n                                data-rel=\"rgg\"\n                                rel=\"rgg\"\n                                title=\"Un bon cadeau pour tonton Bernard &agrave; qui on ne sait plus quoi offrir pour lui faire plaisir !\"                                class=\"rgg-disabled size-medium rgg-img\"\n                                data-src=\"https:\/\/nicoflip.fr\/wp-content\/uploads\/2017\/04\/Bon-Cadeau-300x260.png\"\n                                data-ratio=\"1.1538461538462\"\n                                data-height=\"260\"\n                                data-width=\"300\"\n                                aria-label=\"\"\n                        >\n                                                        <\/a>\n                                <\/div>\n        <\/div>\n<h4 style=\"text-align: left;\">\u00a0<\/h4>\n<h4 style=\"text-align: left;\">- Mug pour des petits d\u00e9jeuners plus fun : 10\u20ac<\/h4>\n<h4 style=\"text-align: left;\">- Tee Shirt taille S, M, L, XL, XXL : 15\u20ac<\/h4>\n<h4>- Casquette : 20\u20ac<\/h4>\n<h4>- Bon cadeau : Consultez la page des tarifs\u00a0<a href=\"http:\/\/nicoflip.fr\/index.php\/tarifs\/\" target=\"_blank\" rel=\"noopener noreferrer\">ici<\/a><\/h4>\n<p>\u00a0<\/p>\n<h4 style=\"text-align: left;\"><a href=\"http:\/\/nicoflip.fr\/index.php\/contact\/\" target=\"_blank\" rel=\"noopener noreferrer\">Pour commander, merci de nous contacter en cliquant ici.<\/a><\/h4>\n<p>\u00a0<\/p>\n<\/div>\n<\/div><\/div><\/div><\/div><\/div><\/div><div id=\"pg-1269-2\"  class=\"panel-grid panel-has-style\" ><div class=\"siteorigin-panels-stretch panel-row-style panel-row-style-for-1269-2\" style=\"padding: 0px 0; \" data-stretch-type=\"full\" data-overlay=\"true\" ><div id=\"pgc-1269-2-0\"  class=\"panel-grid-cell\" ><div id=\"panel-1269-2-0-0\" class=\"so-panel widget widget_sow-editor panel-first-child panel-last-child\" data-index=\"2\" ><div class=\"panel-widget-style panel-widget-style-for-1269-2-0-0\" ><div class=\"so-widget-sow-editor so-widget-sow-editor-base\">\n<div class=\"siteorigin-widget-tinymce textwidget\">\n\t<h1 style=\"text-align: center;\"><span style=\"color: #ffffff;\">Retrouvez nous sur les r\u00e9seaux sociaux !<\/span><\/h1>\n<\/div>\n<\/div><\/div><\/div><\/div><\/div><\/div><div id=\"pg-1269-3\"  class=\"panel-grid panel-has-style\" ><div class=\"siteorigin-panels-stretch panel-row-style panel-row-style-for-1269-3\" style=\"padding: 0px 0; \" data-stretch-type=\"full\" data-overlay=\"true\" ><div id=\"pgc-1269-3-0\"  class=\"panel-grid-cell\" ><div id=\"panel-1269-3-0-0\" class=\"so-panel widget widget_sow-social-media-buttons panel-first-child panel-last-child\" data-index=\"3\" ><div class=\"so-widget-sow-social-media-buttons so-widget-sow-social-media-buttons-wire-c63f25419e7a\">\n\n<div class=\"social-media-button-container\">\n\t\n\t\t<a class=\"ow-button-hover sow-social-media-button-facebook-0 sow-social-media-button\" title=\" sur Facebook\" aria-label=\" sur Facebook\" target=\"_blank\" rel=\"noopener noreferrer\" href=\"https:\/\/www.facebook.com\/NicoFlip44\/\" >\n\t\t\t<span>\n\t\t\t\t\t\t\t\t<span class=\"sow-icon-fontawesome sow-fab\" data-sow-icon=\"&#xf39e;\"\n\t\t ><\/span>\t\t\t\t\t\t\t<\/span>\n\t\t<\/a>\n\t\n\t\t<a class=\"ow-button-hover sow-social-media-button-twitter-0 sow-social-media-button\" title=\" sur Twitter\" aria-label=\" sur Twitter\" target=\"_blank\" rel=\"noopener noreferrer\" href=\"https:\/\/twitter.com\/nicoflip44\" >\n\t\t\t<span>\n\t\t\t\t\t\t\t\t<span class=\"sow-icon-fontawesome sow-fab\" data-sow-icon=\"&#xf099;\"\n\t\t ><\/span>\t\t\t\t\t\t\t<\/span>\n\t\t<\/a>\n\t<\/div>\n<\/div><\/div><\/div><\/div><\/div><\/div>","protected":false},"excerpt":{"rendered":"<p>Goodies &amp; Bons cadeauxVous avez \u00e9t\u00e9 nombreux \u00e0 nous les r\u00e9clamer, les voil\u00e0 !\u00a0\u00a0&#8211; Mug pour des petits d\u00e9jeuners plus fun : 10\u20ac- Tee Shirt taille S, M, L, XL, XXL : 15\u20ac- Casquette : 20\u20ac- Bon cadeau : Consultez la page des tarifs\u00a0ici\u00a0Pour commander, merci de nous contacter en cliquant ici.\u00a0<\/p>\n","protected":false},"author":2,"featured_media":0,"parent":0,"menu_order":0,"comment_status":"closed","ping_status":"closed","template":"page-templates\/page_front-page.php","meta":[],"_links":{"self":[{"href":"https:\/\/nicoflip.fr\/index.php\/wp-json\/wp\/v2\/pages\/1269"}],"collection":[{"href":"https:\/\/nicoflip.fr\/index.php\/wp-json\/wp\/v2\/pages"}],"about":[{"href":"https:\/\/nicoflip.fr\/index.php\/wp-json\/wp\/v2\/types\/page"}],"author":[{"embeddable":true,"href":"https:\/\/nicoflip.fr\/index.php\/wp-json\/wp\/v2\/users\/2"}],"replies":[{"embeddable":true,"href":"https:\/\/nicoflip.fr\/index.php\/wp-json\/wp\/v2\/comments?post=1269"}],"version-history":[{"count":24,"href":"https:\/\/nicoflip.fr\/index.php\/wp-json\/wp\/v2\/pages\/1269\/revisions"}],"predecessor-version":[{"id":3957,"href":"https:\/\/nicoflip.fr\/index.php\/wp-json\/wp\/v2\/pages\/1269\/revisions\/3957"}],"wp:attachment":[{"href":"https:\/\/nicoflip.fr\/index.php\/wp-json\/wp\/v2\/media?parent=1269"}],"curies":[{"name":"wp","href":"https:\/\/api.w.org\/{rel}","templated":true}]}}