{"id":1068,"date":"2017-02-08T21:00:17","date_gmt":"2017-02-08T20:00:17","guid":{"rendered":"http:\/\/nicoflip.fr\/?page_id=1068"},"modified":"2017-03-13T21:01:31","modified_gmt":"2017-03-13T20:01:31","slug":"tournois-flip-expo-2017","status":"publish","type":"page","link":"https:\/\/nicoflip.fr\/index.php\/tournois-flip-expo-2017\/","title":{"rendered":"Tournois Flip Expo 2017"},"content":{"rendered":"<div id=\"pl-1068\"  class=\"panel-layout\" ><div id=\"pg-1068-0\"  class=\"panel-grid panel-has-style\" ><div style=\"padding: 20px 0; \" data-overlay=\"true\" class=\"panel-row-style panel-row-style-for-1068-0\" ><div id=\"pgc-1068-0-0\"  class=\"panel-grid-cell\" ><div id=\"panel-1068-0-0-0\" class=\"so-panel widget widget_sow-features panel-first-child panel-last-child\" data-index=\"0\" ><div style=\"text-align: left;\" data-title-color=\"#cc7537\" data-headings-color=\"#cc7537\" class=\"panel-widget-style panel-widget-style-for-1068-0-0-0\" ><div class=\"so-widget-sow-features so-widget-sow-features-default-27531d01eb8d\">\n<div class=\"sow-features-list sow-features-responsive\">\n\n\t\t\t\n\t\t\t<div class=\"sow-features-feature sow-icon-container-position-top sow-features-feature-last-row\" style=\"width: 20%\">\n\n\t\t\t\t<a href=\"https:\/\/nicoflip.fr\/index.php\/accueil-2\/\" >\t\t\t\t<div\n\t\t\t\t\tclass=\"sow-icon-container sow-container-round\"\n                    style=\"color: #ffffff; \"\n\t\t\t\t\t>\n\t\t\t\t\t<span class=\"sow-icon-typicons\" data-sow-icon=\"&#xe089;\"\n\t\tstyle=\"font-size: 26px; color: #cc7537\" ><\/span>\t\t\t\t<\/div>\n\t\t\t\t<\/a>\n\t\t\t\t<div class=\"textwidget\">\n\t\t\t\t\t\t\t\t\t\t\t<h5>\n\t\t\t\t\t\t\t<a href=\"https:\/\/nicoflip.fr\/index.php\/accueil-2\/\" >\t\t\t\t\t\t\tAccueil\t\t\t\t\t\t\t<\/a>\t\t\t\t\t\t<\/h5>\n\t\t\t\t\t\n\t\t\t\t\t\n\t\t\t\t\t\t\t\t\t<\/div>\n\t\t\t<\/div>\n\n\t\t\n\t\t\t<div class=\"sow-features-feature sow-icon-container-position-top sow-features-feature-last-row\" style=\"width: 20%\">\n\n\t\t\t\t<a href=\"https:\/\/nicoflip.fr\/index.php\/actualite\/\" >\t\t\t\t<div\n\t\t\t\t\tclass=\"sow-icon-container sow-container-round\"\n                    style=\"color: #ffffff; \"\n\t\t\t\t\t>\n\t\t\t\t\t<span class=\"sow-icon-typicons\" data-sow-icon=\"&#xe038;\"\n\t\tstyle=\"font-size: 26px; color: #cc7537\" ><\/span>\t\t\t\t<\/div>\n\t\t\t\t<\/a>\n\t\t\t\t<div class=\"textwidget\">\n\t\t\t\t\t\t\t\t\t\t\t<h5>\n\t\t\t\t\t\t\t<a href=\"https:\/\/nicoflip.fr\/index.php\/actualite\/\" >\t\t\t\t\t\t\tEv\u00e9nements\t\t\t\t\t\t\t<\/a>\t\t\t\t\t\t<\/h5>\n\t\t\t\t\t\n\t\t\t\t\t\n\t\t\t\t\t\t\t\t\t<\/div>\n\t\t\t<\/div>\n\n\t\t\n\t\t\t<div class=\"sow-features-feature sow-icon-container-position-top sow-features-feature-last-row\" style=\"width: 20%\">\n\n\t\t\t\t<a href=\"https:\/\/nicoflip.fr\/index.php\/jeux-disponibles-responsive\/\" >\t\t\t\t<div\n\t\t\t\t\tclass=\"sow-icon-container sow-container-round\"\n                    style=\"color: #ffffff; \"\n\t\t\t\t\t>\n\t\t\t\t\t<span class=\"sow-icon-typicons\" data-sow-icon=\"&#xe07f;\"\n\t\tstyle=\"font-size: 26px; color: #cc7537\" ><\/span>\t\t\t\t<\/div>\n\t\t\t\t<\/a>\n\t\t\t\t<div class=\"textwidget\">\n\t\t\t\t\t\t\t\t\t\t\t<h5>\n\t\t\t\t\t\t\t<a href=\"https:\/\/nicoflip.fr\/index.php\/jeux-disponibles-responsive\/\" >\t\t\t\t\t\t\tJeux<br \/>Disponibles\t\t\t\t\t\t\t<\/a>\t\t\t\t\t\t<\/h5>\n\t\t\t\t\t\n\t\t\t\t\t\n\t\t\t\t\t\t\t\t\t<\/div>\n\t\t\t<\/div>\n\n\t\t\n\t\t\t<div class=\"sow-features-feature sow-icon-container-position-top sow-features-feature-last-row\" style=\"width: 20%\">\n\n\t\t\t\t<a href=\"https:\/\/nicoflip.fr\/index.php\/tarifs\/\" >\t\t\t\t<div\n\t\t\t\t\tclass=\"sow-icon-container sow-container-round\"\n                    style=\"color: #ffffff; \"\n\t\t\t\t\t>\n\t\t\t\t\t<span class=\"sow-icon-typicons\" data-sow-icon=\"&#xe110;\"\n\t\tstyle=\"font-size: 26px; color: #cc7537\" ><\/span>\t\t\t\t<\/div>\n\t\t\t\t<\/a>\n\t\t\t\t<div class=\"textwidget\">\n\t\t\t\t\t\t\t\t\t\t\t<h5>\n\t\t\t\t\t\t\t<a href=\"https:\/\/nicoflip.fr\/index.php\/tarifs\/\" >\t\t\t\t\t\t\tTarifs &amp;<br \/>Conditions\t\t\t\t\t\t\t<\/a>\t\t\t\t\t\t<\/h5>\n\t\t\t\t\t\n\t\t\t\t\t\n\t\t\t\t\t\t\t\t\t<\/div>\n\t\t\t<\/div>\n\n\t\t\n\t\t\t<div class=\"sow-features-feature sow-icon-container-position-top sow-features-feature-last-row\" style=\"width: 20%\">\n\n\t\t\t\t<a href=\"https:\/\/nicoflip.fr\/index.php\/contact\/\" >\t\t\t\t<div\n\t\t\t\t\tclass=\"sow-icon-container sow-container-round\"\n                    style=\"color: #ffffff; \"\n\t\t\t\t\t>\n\t\t\t\t\t<span class=\"sow-icon-typicons\" data-sow-icon=\"&#xe0a5;\"\n\t\tstyle=\"font-size: 26px; color: #cc7537\" ><\/span>\t\t\t\t<\/div>\n\t\t\t\t<\/a>\n\t\t\t\t<div class=\"textwidget\">\n\t\t\t\t\t\t\t\t\t\t\t<h5>\n\t\t\t\t\t\t\t<a href=\"https:\/\/nicoflip.fr\/index.php\/contact\/\" >\t\t\t\t\t\t\tContact\t\t\t\t\t\t\t<\/a>\t\t\t\t\t\t<\/h5>\n\t\t\t\t\t\n\t\t\t\t\t\n\t\t\t\t\t\t\t\t\t<\/div>\n\t\t\t<\/div>\n\n\t\t\t\n<\/div>\n<\/div><\/div><\/div><\/div><\/div><\/div><div id=\"pg-1068-1\"  class=\"panel-grid panel-has-style\" ><div style=\"padding: 20px 0; \" data-overlay=\"true\" class=\"panel-row-style panel-row-style-for-1068-1\" ><div id=\"pgc-1068-1-0\"  class=\"panel-grid-cell\" ><div id=\"panel-1068-1-0-0\" class=\"so-panel widget widget_sow-editor panel-first-child panel-last-child\" data-index=\"1\" ><div style=\"text-align: left;\" data-title-color=\"#443f3f\" data-headings-color=\"#443f3f\" class=\"panel-widget-style panel-widget-style-for-1068-1-0-0\" ><div class=\"so-widget-sow-editor so-widget-sow-editor-base\">\n<div class=\"siteorigin-widget-tinymce textwidget\">\n\t<h1 style=\"text-align: center;\"><span style=\"color: #5886bb;\"><strong>Bienvenue sur la page des tournois <\/strong><\/span><\/h1>\n<h1 style=\"text-align: center;\"><span style=\"color: #5886bb;\"><strong>Flip Expo 2017<\/strong><\/span><\/h1>\n<p>\u00a0<\/p>\n<h2 style=\"text-align: center;\"><span style=\"color: #5886bb;\">Les samedi 1er et Dimanche\u00a02 Avril 2017<\/span><\/h2>\n<p><a href=\"http:\/\/nicoflip.fr\/wp-content\/uploads\/2017\/02\/ifpa_logo.jpg\"><img loading=\"lazy\" class=\" wp-image-1057 aligncenter\" src=\"http:\/\/nicoflip.fr\/wp-content\/uploads\/2017\/02\/ifpa_logo.jpg\" alt=\"ifpa_logo\" width=\"241\" height=\"88\" srcset=\"https:\/\/nicoflip.fr\/wp-content\/uploads\/2017\/02\/ifpa_logo.jpg 557w, https:\/\/nicoflip.fr\/wp-content\/uploads\/2017\/02\/ifpa_logo-300x109.jpg 300w, https:\/\/nicoflip.fr\/wp-content\/uploads\/2017\/02\/ifpa_logo-550x203.jpg 550w, https:\/\/nicoflip.fr\/wp-content\/uploads\/2017\/02\/ifpa_logo-230x84.jpg 230w, https:\/\/nicoflip.fr\/wp-content\/uploads\/2017\/02\/ifpa_logo-350x128.jpg 350w, https:\/\/nicoflip.fr\/wp-content\/uploads\/2017\/02\/ifpa_logo-480x175.jpg 480w\" sizes=\"(max-width: 241px) 100vw, 241px\" \/><\/a><\/p>\n<table style=\"height: 1402px;\" width=\"1118\">\n<tbody>\n<tr>\n<td rowspan=\"3\" width=\"230\">\n<p>\u00a0<\/p>\n<p><img loading=\"lazy\" class=\"alignleft wp-image-940\" src=\"http:\/\/nicoflip.fr\/wp-content\/uploads\/2017\/02\/bat-flipexpo2017.jpg\" alt=\"bat-flipexpo2017\" width=\"832\" height=\"1107\" srcset=\"https:\/\/nicoflip.fr\/wp-content\/uploads\/2017\/02\/bat-flipexpo2017.jpg 1400w, https:\/\/nicoflip.fr\/wp-content\/uploads\/2017\/02\/bat-flipexpo2017-225x300.jpg 225w, https:\/\/nicoflip.fr\/wp-content\/uploads\/2017\/02\/bat-flipexpo2017-768x1022.jpg 768w, https:\/\/nicoflip.fr\/wp-content\/uploads\/2017\/02\/bat-flipexpo2017-770x1024.jpg 770w, https:\/\/nicoflip.fr\/wp-content\/uploads\/2017\/02\/bat-flipexpo2017-830x1104.jpg 830w, https:\/\/nicoflip.fr\/wp-content\/uploads\/2017\/02\/bat-flipexpo2017-230x306.jpg 230w, https:\/\/nicoflip.fr\/wp-content\/uploads\/2017\/02\/bat-flipexpo2017-350x466.jpg 350w, https:\/\/nicoflip.fr\/wp-content\/uploads\/2017\/02\/bat-flipexpo2017-480x639.jpg 480w\" sizes=\"(max-width: 832px) 100vw, 832px\" \/><\/p>\n<h2>\u00a0<\/h2>\n<h2><a href=\"http:\/\/nicoflip.fr\/wp-content\/uploads\/2017\/02\/IMG_8859.jpg\"><img loading=\"lazy\" class=\"alignleft size-full wp-image-949\" src=\"http:\/\/nicoflip.fr\/wp-content\/uploads\/2017\/02\/IMG_8859.jpg\" alt=\"IMG_8859\" width=\"1563\" height=\"1042\" srcset=\"https:\/\/nicoflip.fr\/wp-content\/uploads\/2017\/02\/IMG_8859.jpg 1563w, https:\/\/nicoflip.fr\/wp-content\/uploads\/2017\/02\/IMG_8859-300x200.jpg 300w, https:\/\/nicoflip.fr\/wp-content\/uploads\/2017\/02\/IMG_8859-768x512.jpg 768w, https:\/\/nicoflip.fr\/wp-content\/uploads\/2017\/02\/IMG_8859-1024x683.jpg 1024w, https:\/\/nicoflip.fr\/wp-content\/uploads\/2017\/02\/IMG_8859-830x553.jpg 830w, https:\/\/nicoflip.fr\/wp-content\/uploads\/2017\/02\/IMG_8859-230x153.jpg 230w, https:\/\/nicoflip.fr\/wp-content\/uploads\/2017\/02\/IMG_8859-350x233.jpg 350w, https:\/\/nicoflip.fr\/wp-content\/uploads\/2017\/02\/IMG_8859-480x320.jpg 480w, https:\/\/nicoflip.fr\/wp-content\/uploads\/2017\/02\/IMG_8859-272x182.jpg 272w\" sizes=\"(max-width: 1563px) 100vw, 1563px\" \/><\/a>\u00a0<\/h2>\n<h2>\u00a0<\/h2>\n<\/td>\n<td width=\"230\">\n<h2 style=\"text-align: center;\">Samedi 1er avril<\/h2>\n<h2 style=\"text-align: center;\">10H30-18H30<\/h2>\n<h2 style=\"text-align: center;\"><a href=\"http:\/\/nicoflip.fr\/index.php\/2017\/02\/06\/tournoi-principal-flip-expo-2017\/\">Tournoi Principal<\/a><\/h2>\n<\/td>\n<\/tr>\n<tr>\n<td width=\"230\">\n<h2 style=\"text-align: center;\">Dimanche 2\u00a0avril<\/h2>\n<h2 style=\"text-align: center;\">10H30-12H30<\/h2>\n<h2 style=\"text-align: center;\"><a href=\"http:\/\/nicoflip.fr\/index.php\/2017\/02\/07\/tournoi-enfants-flip-expo-2017\/\">Tournoi Des Enfants<\/a><\/h2>\n<\/td>\n<\/tr>\n<tr>\n<td width=\"230\">\n<h2 style=\"text-align: center;\">Dimanche 2\u00a0avril<\/h2>\n<h2 style=\"text-align: center;\">13H-17H<\/h2>\n<h2 style=\"text-align: center;\"><a href=\"http:\/\/nicoflip.fr\/index.php\/2017\/02\/07\/tournoi-side-flip-expo-2017\/\">Tournoi Side<\/a><\/h2>\n<h5 style=\"text-align: center;\">\u00a0<\/h5>\n<h5 style=\"text-align: center;\">\u00a0<\/h5>\n<\/td>\n<\/tr>\n<\/tbody>\n<\/table>\n<p>\u00a0<\/p>\n<\/div>\n<\/div><\/div><\/div><\/div><\/div><\/div><div id=\"pg-1068-2\"  class=\"panel-grid panel-has-style\" ><div style=\"padding: 20px 0; \" data-overlay=\"true\" class=\"panel-row-style panel-row-style-for-1068-2\" ><div id=\"pgc-1068-2-0\"  class=\"panel-grid-cell\" ><div id=\"panel-1068-2-0-0\" class=\"so-panel widget widget_sow-editor panel-first-child panel-last-child\" data-index=\"2\" ><div style=\"text-align: left;\" data-title-color=\"#443f3f\" data-headings-color=\"#443f3f\" class=\"panel-widget-style panel-widget-style-for-1068-2-0-0\" ><div class=\"so-widget-sow-editor so-widget-sow-editor-base\">\n<div class=\"siteorigin-widget-tinymce textwidget\">\n\t<h5><a href=\"http:\/\/nicoflip.fr\/index.php\/2017\/02\/07\/paiement-ligne-flip-expo-2017\/\">R\u00e9servation et Paiement en Ligne en cliquant ici<\/a><\/h5>\n<h5><a href=\"http:\/\/nicoflip.fr\/index.php\/contact\/\">Une question ? Contactez nous en cliquant ici<\/a><\/h5>\n<p>\u00a0<\/p>\n<p>\u00a0<\/p>\n<h1 style=\"text-align: center;\"><span style=\"color: #5886bb;\"><strong>Lots et Troph\u00e9es<\/strong><\/span><\/h1>\n<h2 style=\"text-align: center;\"><span style=\"color: #5886bb;\">Offerts par Silverball et NicoFlip !<\/span><\/h2>\n<\/div>\n<\/div><\/div><\/div><\/div><\/div><\/div><div id=\"pg-1068-3\"  class=\"panel-grid panel-has-style\" ><div style=\"padding: 20px 0; \" data-overlay=\"true\" class=\"panel-row-style panel-row-style-for-1068-3\" ><div id=\"pgc-1068-3-0\"  class=\"panel-grid-cell\" ><div id=\"panel-1068-3-0-0\" class=\"so-panel widget widget_sow-editor panel-first-child panel-last-child\" data-index=\"3\" ><div style=\"text-align: left;\" data-title-color=\"#443f3f\" data-headings-color=\"#443f3f\" class=\"panel-widget-style panel-widget-style-for-1068-3-0-0\" ><div class=\"so-widget-sow-editor so-widget-sow-editor-base\">\n<div class=\"siteorigin-widget-tinymce textwidget\">\n\t<h5><span style=\"color: #5886bb;\"><strong>Coupes et m\u00e9dailles ...<\/strong><\/span><\/h5>\n<p><img loading=\"lazy\" class=\"aligncenter  wp-image-1136\" src=\"http:\/\/nicoflip.fr\/wp-content\/uploads\/2017\/02\/16880554_1441974999155359_1668380261_o.jpg\" alt=\"\" width=\"800\" height=\"600\" srcset=\"https:\/\/nicoflip.fr\/wp-content\/uploads\/2017\/02\/16880554_1441974999155359_1668380261_o.jpg 1280w, https:\/\/nicoflip.fr\/wp-content\/uploads\/2017\/02\/16880554_1441974999155359_1668380261_o-300x225.jpg 300w, https:\/\/nicoflip.fr\/wp-content\/uploads\/2017\/02\/16880554_1441974999155359_1668380261_o-768x576.jpg 768w, https:\/\/nicoflip.fr\/wp-content\/uploads\/2017\/02\/16880554_1441974999155359_1668380261_o-1024x768.jpg 1024w, https:\/\/nicoflip.fr\/wp-content\/uploads\/2017\/02\/16880554_1441974999155359_1668380261_o-830x623.jpg 830w, https:\/\/nicoflip.fr\/wp-content\/uploads\/2017\/02\/16880554_1441974999155359_1668380261_o-230x173.jpg 230w, https:\/\/nicoflip.fr\/wp-content\/uploads\/2017\/02\/16880554_1441974999155359_1668380261_o-350x263.jpg 350w, https:\/\/nicoflip.fr\/wp-content\/uploads\/2017\/02\/16880554_1441974999155359_1668380261_o-480x360.jpg 480w\" sizes=\"(max-width: 800px) 100vw, 800px\" \/><\/p>\n<p style=\"text-align: left;\">\u00a0<\/p>\n<h5 style=\"text-align: left;\"><span style=\"color: #5886bb;\"><strong>Une platine Vinyle Vintage ...<\/strong><\/span><\/h5>\n<p><img loading=\"lazy\" class=\"aligncenter  wp-image-1135\" src=\"http:\/\/nicoflip.fr\/wp-content\/uploads\/2017\/02\/16810282_1441975022488690_504678237_o.jpg\" alt=\"\" width=\"800\" height=\"600\" srcset=\"https:\/\/nicoflip.fr\/wp-content\/uploads\/2017\/02\/16810282_1441975022488690_504678237_o.jpg 1024w, https:\/\/nicoflip.fr\/wp-content\/uploads\/2017\/02\/16810282_1441975022488690_504678237_o-300x225.jpg 300w, https:\/\/nicoflip.fr\/wp-content\/uploads\/2017\/02\/16810282_1441975022488690_504678237_o-768x576.jpg 768w, https:\/\/nicoflip.fr\/wp-content\/uploads\/2017\/02\/16810282_1441975022488690_504678237_o-830x623.jpg 830w, https:\/\/nicoflip.fr\/wp-content\/uploads\/2017\/02\/16810282_1441975022488690_504678237_o-230x173.jpg 230w, https:\/\/nicoflip.fr\/wp-content\/uploads\/2017\/02\/16810282_1441975022488690_504678237_o-350x263.jpg 350w, https:\/\/nicoflip.fr\/wp-content\/uploads\/2017\/02\/16810282_1441975022488690_504678237_o-480x360.jpg 480w\" sizes=\"(max-width: 800px) 100vw, 800px\" \/><\/p>\n<p>\u00a0<\/p>\n<h5 style=\"text-align: left;\"><span style=\"color: #5886bb;\"><strong>Un lecteur DVD portable ...<\/strong><\/span><\/h5>\n<p><img loading=\"lazy\" class=\"aligncenter  wp-image-1153\" src=\"http:\/\/nicoflip.fr\/wp-content\/uploads\/2017\/02\/Resized_20170307_161142.jpeg\" alt=\"\" width=\"801\" height=\"450\" srcset=\"https:\/\/nicoflip.fr\/wp-content\/uploads\/2017\/02\/Resized_20170307_161142.jpeg 2560w, https:\/\/nicoflip.fr\/wp-content\/uploads\/2017\/02\/Resized_20170307_161142-300x169.jpeg 300w, https:\/\/nicoflip.fr\/wp-content\/uploads\/2017\/02\/Resized_20170307_161142-768x432.jpeg 768w, https:\/\/nicoflip.fr\/wp-content\/uploads\/2017\/02\/Resized_20170307_161142-1024x576.jpeg 1024w, https:\/\/nicoflip.fr\/wp-content\/uploads\/2017\/02\/Resized_20170307_161142-830x467.jpeg 830w, https:\/\/nicoflip.fr\/wp-content\/uploads\/2017\/02\/Resized_20170307_161142-230x129.jpeg 230w, https:\/\/nicoflip.fr\/wp-content\/uploads\/2017\/02\/Resized_20170307_161142-350x197.jpeg 350w, https:\/\/nicoflip.fr\/wp-content\/uploads\/2017\/02\/Resized_20170307_161142-480x270.jpeg 480w\" sizes=\"(max-width: 801px) 100vw, 801px\" \/><\/p>\n<p>\u00a0<\/p>\n<h5 style=\"text-align: left;\"><span style=\"color: #5886bb;\"><strong>Une console R\u00e9tro ...<\/strong><\/span><\/h5>\n<p><img loading=\"lazy\" class=\"aligncenter  wp-image-1133\" src=\"http:\/\/nicoflip.fr\/wp-content\/uploads\/2017\/02\/16831651_1441975112488681_1618542846_n.jpg\" alt=\"\" width=\"800\" height=\"600\" srcset=\"https:\/\/nicoflip.fr\/wp-content\/uploads\/2017\/02\/16831651_1441975112488681_1618542846_n.jpg 800w, https:\/\/nicoflip.fr\/wp-content\/uploads\/2017\/02\/16831651_1441975112488681_1618542846_n-300x225.jpg 300w, https:\/\/nicoflip.fr\/wp-content\/uploads\/2017\/02\/16831651_1441975112488681_1618542846_n-768x576.jpg 768w, https:\/\/nicoflip.fr\/wp-content\/uploads\/2017\/02\/16831651_1441975112488681_1618542846_n-230x173.jpg 230w, https:\/\/nicoflip.fr\/wp-content\/uploads\/2017\/02\/16831651_1441975112488681_1618542846_n-350x263.jpg 350w, https:\/\/nicoflip.fr\/wp-content\/uploads\/2017\/02\/16831651_1441975112488681_1618542846_n-480x360.jpg 480w\" sizes=\"(max-width: 800px) 100vw, 800px\" \/><\/p>\n<p>\u00a0<\/p>\n<h5 style=\"text-align: left;\"><span style=\"color: #5886bb;\"><strong>Pour les enfants, en plus des troph\u00e9es et m\u00e9dailles, des jeux de soci\u00e9t\u00e9 ...<\/strong><\/span><\/h5>\n<p><img loading=\"lazy\" class=\"aligncenter  wp-image-1132\" src=\"http:\/\/nicoflip.fr\/wp-content\/uploads\/2017\/02\/16809709_1441975029155356_1292681154_n.jpg\" alt=\"\" width=\"800\" height=\"600\" srcset=\"https:\/\/nicoflip.fr\/wp-content\/uploads\/2017\/02\/16809709_1441975029155356_1292681154_n.jpg 640w, https:\/\/nicoflip.fr\/wp-content\/uploads\/2017\/02\/16809709_1441975029155356_1292681154_n-300x225.jpg 300w, https:\/\/nicoflip.fr\/wp-content\/uploads\/2017\/02\/16809709_1441975029155356_1292681154_n-230x173.jpg 230w, https:\/\/nicoflip.fr\/wp-content\/uploads\/2017\/02\/16809709_1441975029155356_1292681154_n-350x263.jpg 350w, https:\/\/nicoflip.fr\/wp-content\/uploads\/2017\/02\/16809709_1441975029155356_1292681154_n-480x360.jpg 480w\" sizes=\"(max-width: 800px) 100vw, 800px\" \/><\/p>\n<p>\u00a0<\/p>\n<h5 style=\"text-align: left;\">\u00a0<\/h5>\n<h5 style=\"text-align: left;\"><span style=\"color: #5886bb;\"><strong>Des Translites Stern ...<\/strong><\/span><\/h5>\n<p><img loading=\"lazy\" class=\"aligncenter  wp-image-1130\" src=\"http:\/\/nicoflip.fr\/wp-content\/uploads\/2017\/02\/IMG_3113.jpg\" alt=\"\" width=\"800\" height=\"600\" srcset=\"https:\/\/nicoflip.fr\/wp-content\/uploads\/2017\/02\/IMG_3113.jpg 3264w, https:\/\/nicoflip.fr\/wp-content\/uploads\/2017\/02\/IMG_3113-300x225.jpg 300w, https:\/\/nicoflip.fr\/wp-content\/uploads\/2017\/02\/IMG_3113-768x576.jpg 768w, https:\/\/nicoflip.fr\/wp-content\/uploads\/2017\/02\/IMG_3113-1024x768.jpg 1024w, https:\/\/nicoflip.fr\/wp-content\/uploads\/2017\/02\/IMG_3113-830x623.jpg 830w, https:\/\/nicoflip.fr\/wp-content\/uploads\/2017\/02\/IMG_3113-230x173.jpg 230w, https:\/\/nicoflip.fr\/wp-content\/uploads\/2017\/02\/IMG_3113-350x263.jpg 350w, https:\/\/nicoflip.fr\/wp-content\/uploads\/2017\/02\/IMG_3113-480x360.jpg 480w\" sizes=\"(max-width: 800px) 100vw, 800px\" \/><\/p>\n<p>\u00a0<\/p>\n<h5 style=\"text-align: left;\"><span style=\"color: #5886bb;\"><strong>Des goodies et flyers par centaines ...<\/strong><\/span><\/h5>\n<p><img loading=\"lazy\" class=\"aligncenter  wp-image-1131\" src=\"http:\/\/nicoflip.fr\/wp-content\/uploads\/2017\/02\/IMG_3115.jpg\" alt=\"\" width=\"800\" height=\"600\" srcset=\"https:\/\/nicoflip.fr\/wp-content\/uploads\/2017\/02\/IMG_3115.jpg 3264w, https:\/\/nicoflip.fr\/wp-content\/uploads\/2017\/02\/IMG_3115-300x225.jpg 300w, https:\/\/nicoflip.fr\/wp-content\/uploads\/2017\/02\/IMG_3115-768x576.jpg 768w, https:\/\/nicoflip.fr\/wp-content\/uploads\/2017\/02\/IMG_3115-1024x768.jpg 1024w, https:\/\/nicoflip.fr\/wp-content\/uploads\/2017\/02\/IMG_3115-830x623.jpg 830w, https:\/\/nicoflip.fr\/wp-content\/uploads\/2017\/02\/IMG_3115-230x173.jpg 230w, https:\/\/nicoflip.fr\/wp-content\/uploads\/2017\/02\/IMG_3115-350x263.jpg 350w, https:\/\/nicoflip.fr\/wp-content\/uploads\/2017\/02\/IMG_3115-480x360.jpg 480w\" sizes=\"(max-width: 800px) 100vw, 800px\" \/><\/p>\n<p>\u00a0<\/p>\n<h5 style=\"text-align: left;\"><span style=\"color: #5886bb;\"><strong>Des bons d'achat playfield Protectors <a href=\"https:\/\/www.playfield-protectors.com\/\" target=\"_blank\">https:\/\/www.playfield-protectors.com\/<\/a>\u00a0...<\/strong><\/span><\/h5>\n<p><img loading=\"lazy\" class=\"aligncenter size-full wp-image-1137\" src=\"http:\/\/nicoflip.fr\/wp-content\/uploads\/2017\/02\/PP_Logo.jpg\" alt=\"\" width=\"1177\" height=\"209\" srcset=\"https:\/\/nicoflip.fr\/wp-content\/uploads\/2017\/02\/PP_Logo.jpg 1177w, https:\/\/nicoflip.fr\/wp-content\/uploads\/2017\/02\/PP_Logo-300x53.jpg 300w, https:\/\/nicoflip.fr\/wp-content\/uploads\/2017\/02\/PP_Logo-768x136.jpg 768w, https:\/\/nicoflip.fr\/wp-content\/uploads\/2017\/02\/PP_Logo-1024x182.jpg 1024w, https:\/\/nicoflip.fr\/wp-content\/uploads\/2017\/02\/PP_Logo-830x147.jpg 830w, https:\/\/nicoflip.fr\/wp-content\/uploads\/2017\/02\/PP_Logo-230x41.jpg 230w, https:\/\/nicoflip.fr\/wp-content\/uploads\/2017\/02\/PP_Logo-350x62.jpg 350w, https:\/\/nicoflip.fr\/wp-content\/uploads\/2017\/02\/PP_Logo-480x85.jpg 480w\" sizes=\"(max-width: 1177px) 100vw, 1177px\" \/><\/p>\n<p>\u00a0<\/p>\n<h5 style=\"text-align: left;\"><span style=\"color: #5886bb;\"><strong>Et plein d'autres surprises !!<\/strong><\/span><\/h5>\n<\/div>\n<\/div><\/div><\/div><\/div><\/div><\/div><\/div>","protected":false},"excerpt":{"rendered":"<p>Bienvenue sur la page des tournois Flip Expo 2017\u00a0Les samedi 1er et Dimanche\u00a02 Avril 2017\u00a0\u00a0\u00a0\u00a0Samedi 1er avril10H30-18H30Tournoi PrincipalDimanche 2\u00a0avril10H30-12H30Tournoi Des EnfantsDimanche 2\u00a0avril13H-17HTournoi Side\u00a0\u00a0\u00a0<\/p>\n","protected":false},"author":2,"featured_media":0,"parent":0,"menu_order":0,"comment_status":"closed","ping_status":"closed","template":"page-templates\/page_front-page.php","meta":[],"_links":{"self":[{"href":"https:\/\/nicoflip.fr\/index.php\/wp-json\/wp\/v2\/pages\/1068"}],"collection":[{"href":"https:\/\/nicoflip.fr\/index.php\/wp-json\/wp\/v2\/pages"}],"about":[{"href":"https:\/\/nicoflip.fr\/index.php\/wp-json\/wp\/v2\/types\/page"}],"author":[{"embeddable":true,"href":"https:\/\/nicoflip.fr\/index.php\/wp-json\/wp\/v2\/users\/2"}],"replies":[{"embeddable":true,"href":"https:\/\/nicoflip.fr\/index.php\/wp-json\/wp\/v2\/comments?post=1068"}],"version-history":[{"count":10,"href":"https:\/\/nicoflip.fr\/index.php\/wp-json\/wp\/v2\/pages\/1068\/revisions"}],"predecessor-version":[{"id":1071,"href":"https:\/\/nicoflip.fr\/index.php\/wp-json\/wp\/v2\/pages\/1068\/revisions\/1071"}],"wp:attachment":[{"href":"https:\/\/nicoflip.fr\/index.php\/wp-json\/wp\/v2\/media?parent=1068"}],"curies":[{"name":"wp","href":"https:\/\/api.w.org\/{rel}","templated":true}]}}