{"id":104,"date":"2016-10-05T20:58:27","date_gmt":"2016-10-05T18:58:27","guid":{"rendered":"http:\/\/nicoflip.fr\/?page_id=104"},"modified":"2026-03-23T12:00:20","modified_gmt":"2026-03-23T11:00:20","slug":"contact","status":"publish","type":"page","link":"https:\/\/nicoflip.fr\/index.php\/contact\/","title":{"rendered":"Contact"},"content":{"rendered":"<div id=\"pl-104\"  class=\"panel-layout\" ><div id=\"pg-104-0\"  class=\"panel-grid panel-has-style\" ><div style=\"padding: 20px 0; \" data-overlay=\"true\" class=\"panel-row-style panel-row-style-for-104-0\" ><div id=\"pgc-104-0-0\"  class=\"panel-grid-cell\" ><div id=\"panel-104-0-0-0\" class=\"so-panel widget widget_sow-features panel-first-child panel-last-child\" data-index=\"0\" ><div style=\"text-align: left;\" data-title-color=\"#cc7537\" data-headings-color=\"#cc7537\" class=\"panel-widget-style panel-widget-style-for-104-0-0-0\" ><div class=\"so-widget-sow-features so-widget-sow-features-default-24ed54dc3f8b\">\n<div class=\"sow-features-list sow-features-responsive\">\n\n\t\t\t\n\t\t\t<div class=\"sow-features-feature sow-icon-container-position-top sow-features-feature-last-row\" style=\"width: 12.5%\">\n\n\t\t\t\t<a href=\"https:\/\/nicoflip.fr\/index.php\/accueil-2\/\" >\t\t\t\t<div\n\t\t\t\t\tclass=\"sow-icon-container sow-container-round\"\n                    style=\"color: #ffffff; \"\n\t\t\t\t\t>\n\t\t\t\t\t<span class=\"sow-icon-typicons\" data-sow-icon=\"&#xe089;\"\n\t\tstyle=\"font-size: 20px; color: #cc7537\" ><\/span>\t\t\t\t<\/div>\n\t\t\t\t<\/a>\n\t\t\t\t<div class=\"textwidget\">\n\t\t\t\t\t\t\t\t\t\t\t<h5>\n\t\t\t\t\t\t\t<a href=\"https:\/\/nicoflip.fr\/index.php\/accueil-2\/\" >\t\t\t\t\t\t\tAccueil\t\t\t\t\t\t\t<\/a>\t\t\t\t\t\t<\/h5>\n\t\t\t\t\t\n\t\t\t\t\t\n\t\t\t\t\t\t\t\t\t<\/div>\n\t\t\t<\/div>\n\n\t\t\n\t\t\t<div class=\"sow-features-feature sow-icon-container-position-top sow-features-feature-last-row\" style=\"width: 12.5%\">\n\n\t\t\t\t<a href=\"https:\/\/nicoflip.fr\/index.php\/actualites-facebook\/\" >\t\t\t\t<div\n\t\t\t\t\tclass=\"sow-icon-container sow-container-round\"\n                    style=\"color: #ffffff; \"\n\t\t\t\t\t>\n\t\t\t\t\t<span class=\"sow-icon-typicons\" data-sow-icon=\"&#xe038;\"\n\t\tstyle=\"font-size: 20px; color: #cc7537\" ><\/span>\t\t\t\t<\/div>\n\t\t\t\t<\/a>\n\t\t\t\t<div class=\"textwidget\">\n\t\t\t\t\t\t\t\t\t\t\t<h5>\n\t\t\t\t\t\t\t<a href=\"https:\/\/nicoflip.fr\/index.php\/actualites-facebook\/\" >\t\t\t\t\t\t\tActualit\u00e9s\t\t\t\t\t\t\t<\/a>\t\t\t\t\t\t<\/h5>\n\t\t\t\t\t\n\t\t\t\t\t\n\t\t\t\t\t\t\t\t\t<\/div>\n\t\t\t<\/div>\n\n\t\t\n\t\t\t<div class=\"sow-features-feature sow-icon-container-position-top sow-features-feature-last-row\" style=\"width: 12.5%\">\n\n\t\t\t\t<a href=\"https:\/\/nicoflip.fr\/index.php\/jeux-disponibles-responsive\/\" >\t\t\t\t<div\n\t\t\t\t\tclass=\"sow-icon-container sow-container-round\"\n                    style=\"color: #ffffff; \"\n\t\t\t\t\t>\n\t\t\t\t\t<span class=\"sow-icon-typicons\" data-sow-icon=\"&#xe0e0;\"\n\t\tstyle=\"font-size: 20px; color: #cc7537\" ><\/span>\t\t\t\t<\/div>\n\t\t\t\t<\/a>\n\t\t\t\t<div class=\"textwidget\">\n\t\t\t\t\t\t\t\t\t\t\t<h5>\n\t\t\t\t\t\t\t<a href=\"https:\/\/nicoflip.fr\/index.php\/jeux-disponibles-responsive\/\" >\t\t\t\t\t\t\tJeux<br \/>Disponibles\t\t\t\t\t\t\t<\/a>\t\t\t\t\t\t<\/h5>\n\t\t\t\t\t\n\t\t\t\t\t\n\t\t\t\t\t\t\t\t\t<\/div>\n\t\t\t<\/div>\n\n\t\t\n\t\t\t<div class=\"sow-features-feature sow-icon-container-position-top sow-features-feature-last-row\" style=\"width: 12.5%\">\n\n\t\t\t\t<a href=\"https:\/\/nicoflip.fr\/index.php\/tarifs\/\" >\t\t\t\t<div\n\t\t\t\t\tclass=\"sow-icon-container sow-container-round\"\n                    style=\"color: #ffffff; \"\n\t\t\t\t\t>\n\t\t\t\t\t<span class=\"sow-icon-typicons\" data-sow-icon=\"&#xe110;\"\n\t\tstyle=\"font-size: 20px; color: #cc7537\" ><\/span>\t\t\t\t<\/div>\n\t\t\t\t<\/a>\n\t\t\t\t<div class=\"textwidget\">\n\t\t\t\t\t\t\t\t\t\t\t<h5>\n\t\t\t\t\t\t\t<a href=\"https:\/\/nicoflip.fr\/index.php\/tarifs\/\" >\t\t\t\t\t\t\tTarifs &amp;<br \/>Conditions\t\t\t\t\t\t\t<\/a>\t\t\t\t\t\t<\/h5>\n\t\t\t\t\t\n\t\t\t\t\t\n\t\t\t\t\t\t\t\t\t<\/div>\n\t\t\t<\/div>\n\n\t\t\n\t\t\t<div class=\"sow-features-feature sow-icon-container-position-top sow-features-feature-last-row\" style=\"width: 12.5%\">\n\n\t\t\t\t<a href=\"https:\/\/nicoflip.fr\/index.php\/goodies-bons-cadeaux\/\" >\t\t\t\t<div\n\t\t\t\t\tclass=\"sow-icon-container sow-container-round\"\n                    style=\"color: #ffffff; \"\n\t\t\t\t\t>\n\t\t\t\t\t<span class=\"sow-icon-typicons\" data-sow-icon=\"&#xe07f;\"\n\t\tstyle=\"font-size: 20px; color: #cc7537\" ><\/span>\t\t\t\t<\/div>\n\t\t\t\t<\/a>\n\t\t\t\t<div class=\"textwidget\">\n\t\t\t\t\t\t\t\t\t\t\t<h5>\n\t\t\t\t\t\t\t<a href=\"https:\/\/nicoflip.fr\/index.php\/goodies-bons-cadeaux\/\" >\t\t\t\t\t\t\tBons Cadeaux &amp;<br \/>Goodies\t\t\t\t\t\t\t<\/a>\t\t\t\t\t\t<\/h5>\n\t\t\t\t\t\n\t\t\t\t\t\n\t\t\t\t\t\t\t\t\t<\/div>\n\t\t\t<\/div>\n\n\t\t\n\t\t\t<div class=\"sow-features-feature sow-icon-container-position-top sow-features-feature-last-row\" style=\"width: 12.5%\">\n\n\t\t\t\t<a href=\"https:\/\/nicoflip.fr\/index.php\/contact\/\" >\t\t\t\t<div\n\t\t\t\t\tclass=\"sow-icon-container sow-container-round\"\n                    style=\"color: #ffffff; \"\n\t\t\t\t\t>\n\t\t\t\t\t<span class=\"sow-icon-typicons\" data-sow-icon=\"&#xe0a5;\"\n\t\tstyle=\"font-size: 20px; color: #cc7537\" ><\/span>\t\t\t\t<\/div>\n\t\t\t\t<\/a>\n\t\t\t\t<div class=\"textwidget\">\n\t\t\t\t\t\t\t\t\t\t\t<h5>\n\t\t\t\t\t\t\t<a href=\"https:\/\/nicoflip.fr\/index.php\/contact\/\" >\t\t\t\t\t\t\tContact\t\t\t\t\t\t\t<\/a>\t\t\t\t\t\t<\/h5>\n\t\t\t\t\t\n\t\t\t\t\t\n\t\t\t\t\t\t\t\t\t<\/div>\n\t\t\t<\/div>\n\n\t\t\n\t\t\t<div class=\"sow-features-feature sow-icon-container-position-top sow-features-feature-last-row\" style=\"width: 12.5%\">\n\n\t\t\t\t<a href=\"https:\/\/nicoflip.fr\/index.php\/partenaires\/\" >\t\t\t\t<div\n\t\t\t\t\tclass=\"sow-icon-container sow-container-round\"\n                    style=\"color: #ffffff; \"\n\t\t\t\t\t>\n\t\t\t\t\t<span class=\"sow-icon-typicons\" data-sow-icon=\"&#xe11c;\"\n\t\tstyle=\"font-size: 20px; color: #cc7537\" ><\/span>\t\t\t\t<\/div>\n\t\t\t\t<\/a>\n\t\t\t\t<div class=\"textwidget\">\n\t\t\t\t\t\t\t\t\t\t\t<h5>\n\t\t\t\t\t\t\t<a href=\"https:\/\/nicoflip.fr\/index.php\/partenaires\/\" >\t\t\t\t\t\t\tPartenaires\t\t\t\t\t\t\t<\/a>\t\t\t\t\t\t<\/h5>\n\t\t\t\t\t\n\t\t\t\t\t\n\t\t\t\t\t\t\t\t\t<\/div>\n\t\t\t<\/div>\n\n\t\t\t\n<\/div>\n<\/div><\/div><\/div><\/div><\/div><\/div><div id=\"pg-104-1\"  class=\"panel-grid panel-has-style\" ><div style=\"padding: 20px 0; \" data-overlay=\"true\" class=\"panel-row-style panel-row-style-for-104-1\" ><div id=\"pgc-104-1-0\"  class=\"panel-grid-cell\" ><div id=\"panel-104-1-0-0\" class=\"so-panel widget widget_sow-editor panel-first-child panel-last-child\" data-index=\"1\" ><div style=\"text-align: left;\" data-title-color=\"#443f3f\" data-headings-color=\"#443f3f\" class=\"panel-widget-style panel-widget-style-for-104-1-0-0\" ><div class=\"so-widget-sow-editor so-widget-sow-editor-base\">\n<div class=\"siteorigin-widget-tinymce textwidget\">\n\t<h4>Nicoflip, c\u2019est termin\u00e9 !<\/h4>\n<h4>Merci pour ces 10 ann\u00e9es de fid\u00e9lit\u00e9.<\/h4>\n<h4>Vous pouvez joindre Cl\u00e9ment D\u2019arcade 44 au 06 77 81 76 34.<\/h4>\n<h4>A bient\u00f4t !<\/h4>\n<\/div>\n<\/div><\/div><\/div><\/div><\/div><\/div><div id=\"pg-104-2\"  class=\"panel-grid panel-has-style\" ><div style=\"padding: 20px 0; \" data-overlay=\"true\" class=\"panel-row-style panel-row-style-for-104-2\" ><div id=\"pgc-104-2-0\"  class=\"panel-grid-cell\" ><div id=\"panel-104-2-0-0\" class=\"so-panel widget widget_sow-editor panel-first-child panel-last-child\" data-index=\"2\" ><div class=\"so-widget-sow-editor so-widget-sow-editor-base\">\n<div class=\"siteorigin-widget-tinymce textwidget\">\n\t<h5><div role=\"form\" class=\"wpcf7\" id=\"wpcf7-f226-o1\" lang=\"fr-FR\" dir=\"ltr\">\n<div class=\"screen-reader-response\"><\/div>\n<form action=\"\/index.php\/wp-json\/wp\/v2\/pages\/104#wpcf7-f226-o1\" method=\"post\" class=\"wpcf7-form\" novalidate=\"novalidate\">\n<div style=\"display: none;\">\n<input type=\"hidden\" name=\"_wpcf7\" value=\"226\" \/>\n<input type=\"hidden\" name=\"_wpcf7_version\" value=\"5.1.1\" \/>\n<input type=\"hidden\" name=\"_wpcf7_locale\" value=\"fr_FR\" \/>\n<input type=\"hidden\" name=\"_wpcf7_unit_tag\" value=\"wpcf7-f226-o1\" \/>\n<input type=\"hidden\" name=\"_wpcf7_container_post\" value=\"0\" \/>\n<input type=\"hidden\" name=\"g-recaptcha-response\" value=\"\" \/>\n<\/div>\n<p><label> Votre nom (obligatoire)<br \/>\n    <span class=\"wpcf7-form-control-wrap your-name\"><input type=\"text\" name=\"your-name\" value=\"\" size=\"40\" class=\"wpcf7-form-control wpcf7-text wpcf7-validates-as-required\" aria-required=\"true\" aria-invalid=\"false\" \/><\/span> <\/label><\/p>\n<p><label> Votre e-mail (obligatoire)<br \/>\n    <span class=\"wpcf7-form-control-wrap your-email\"><input type=\"email\" name=\"your-email\" value=\"\" size=\"40\" class=\"wpcf7-form-control wpcf7-text wpcf7-email wpcf7-validates-as-required wpcf7-validates-as-email\" aria-required=\"true\" aria-invalid=\"false\" \/><\/span> <\/label><\/p>\n<p><label> Sujet<br \/>\n    <span class=\"wpcf7-form-control-wrap your-subject\"><input type=\"text\" name=\"your-subject\" value=\"\" size=\"40\" class=\"wpcf7-form-control wpcf7-text\" aria-invalid=\"false\" \/><\/span> <\/label><\/p>\n<p><label> Votre message<br \/>\n    <span class=\"wpcf7-form-control-wrap your-message\"><textarea name=\"your-message\" cols=\"40\" rows=\"10\" class=\"wpcf7-form-control wpcf7-textarea\" aria-invalid=\"false\"><\/textarea><\/span> <\/label><\/p>\n\n<p><span class=\"wpcf7-form-control-wrap checkbox-920\"><span class=\"wpcf7-form-control wpcf7-checkbox\"><span class=\"wpcf7-list-item first last\"><input type=\"checkbox\" name=\"checkbox-920[]\" value=\"J&#039;accepte que les informations saisies soient exploit\u00e9es dans le cadre de la demande de contact et de la relation commerciale associ\u00e9e.\" \/><span class=\"wpcf7-list-item-label\">J&#039;accepte que les informations saisies soient exploit\u00e9es dans le cadre de la demande de contact et de la relation commerciale associ\u00e9e.<\/span><\/span><\/span><\/span><\/p>\n<p><input type=\"submit\" value=\"Envoyer\" class=\"wpcf7-form-control wpcf7-submit\" \/><\/p>\n<p><label> <\/p>\n<p>Consultez nos mentions l\u00e9gales<\/label> <a href=\"http:\/\/nicoflip.fr\/index.php\/mentions-legales\/\" target=\"_blank\" rel=\"noopener\">ici<\/a><\/p>\n<div class=\"wpcf7-response-output wpcf7-display-none\"><\/div><\/form><\/div><\/h5>\n<p>\u00a0<\/p>\n<\/div>\n<\/div><\/div><\/div><\/div><\/div><div id=\"pg-104-3\"  class=\"panel-grid panel-has-style\" ><div class=\"siteorigin-panels-stretch panel-row-style panel-row-style-for-104-3\" style=\"padding: 0px 0; \" data-stretch-type=\"full\" data-overlay=\"true\" ><div id=\"pgc-104-3-0\"  class=\"panel-grid-cell\" ><div id=\"panel-104-3-0-0\" class=\"so-panel widget widget_sow-editor panel-first-child panel-last-child\" data-index=\"3\" ><div class=\"panel-widget-style panel-widget-style-for-104-3-0-0\" ><div class=\"so-widget-sow-editor so-widget-sow-editor-base\">\n<div class=\"siteorigin-widget-tinymce textwidget\">\n\t<h1 style=\"text-align: center;\"><span style=\"color: #ffffff;\">Retrouvez nous sur les r\u00e9seaux sociaux !<\/span><\/h1>\n<\/div>\n<\/div><\/div><\/div><\/div><\/div><\/div><div id=\"pg-104-4\"  class=\"panel-grid panel-has-style\" ><div class=\"siteorigin-panels-stretch panel-row-style panel-row-style-for-104-4\" style=\"padding: 0px 0; \" data-stretch-type=\"full\" data-overlay=\"true\" ><div id=\"pgc-104-4-0\"  class=\"panel-grid-cell\" ><div id=\"panel-104-4-0-0\" class=\"so-panel widget widget_sow-social-media-buttons panel-first-child panel-last-child\" data-index=\"4\" ><div class=\"so-widget-sow-social-media-buttons so-widget-sow-social-media-buttons-wire-c63f25419e7a\">\n\n<div class=\"social-media-button-container\">\n\t\n\t\t<a class=\"ow-button-hover sow-social-media-button-facebook-0 sow-social-media-button\" title=\" sur Facebook\" aria-label=\" sur Facebook\" target=\"_blank\" rel=\"noopener noreferrer\" href=\"https:\/\/www.facebook.com\/NicoFlip44\/\" >\n\t\t\t<span>\n\t\t\t\t\t\t\t\t<span class=\"sow-icon-fontawesome sow-fab\" data-sow-icon=\"&#xf39e;\"\n\t\t ><\/span>\t\t\t\t\t\t\t<\/span>\n\t\t<\/a>\n\t\n\t\t<a class=\"ow-button-hover sow-social-media-button-twitter-0 sow-social-media-button\" title=\" sur Twitter\" aria-label=\" sur Twitter\" target=\"_blank\" rel=\"noopener noreferrer\" href=\"https:\/\/twitter.com\/nicoflip44\" >\n\t\t\t<span>\n\t\t\t\t\t\t\t\t<span class=\"sow-icon-fontawesome sow-fab\" data-sow-icon=\"&#xf099;\"\n\t\t ><\/span>\t\t\t\t\t\t\t<\/span>\n\t\t<\/a>\n\t<\/div>\n<\/div><\/div><\/div><\/div><\/div><\/div>","protected":false},"excerpt":{"rendered":"<p>Nicoflip, c\u2019est termin\u00e9 ! Merci pour ces 10 ann\u00e9es de fid\u00e9lit\u00e9. Vous pouvez joindre Cl\u00e9ment D\u2019arcade 44 au 06 77 81 76 34. A bient\u00f4t !<\/p>\n","protected":false},"author":2,"featured_media":0,"parent":0,"menu_order":0,"comment_status":"closed","ping_status":"closed","template":"page-templates\/page_front-page.php","meta":[],"_links":{"self":[{"href":"https:\/\/nicoflip.fr\/index.php\/wp-json\/wp\/v2\/pages\/104"}],"collection":[{"href":"https:\/\/nicoflip.fr\/index.php\/wp-json\/wp\/v2\/pages"}],"about":[{"href":"https:\/\/nicoflip.fr\/index.php\/wp-json\/wp\/v2\/types\/page"}],"author":[{"embeddable":true,"href":"https:\/\/nicoflip.fr\/index.php\/wp-json\/wp\/v2\/users\/2"}],"replies":[{"embeddable":true,"href":"https:\/\/nicoflip.fr\/index.php\/wp-json\/wp\/v2\/comments?post=104"}],"version-history":[{"count":48,"href":"https:\/\/nicoflip.fr\/index.php\/wp-json\/wp\/v2\/pages\/104\/revisions"}],"predecessor-version":[{"id":4228,"href":"https:\/\/nicoflip.fr\/index.php\/wp-json\/wp\/v2\/pages\/104\/revisions\/4228"}],"wp:attachment":[{"href":"https:\/\/nicoflip.fr\/index.php\/wp-json\/wp\/v2\/media?parent=104"}],"curies":[{"name":"wp","href":"https:\/\/api.w.org\/{rel}","templated":true}]}}